{"id":3658,"date":"2024-04-23T09:48:45","date_gmt":"2024-04-23T09:48:45","guid":{"rendered":"https:\/\/lumilean.io\/politik-for-beskyttelse-af-personlige-oplysninger\/"},"modified":"2026-01-09T11:38:45","modified_gmt":"2026-01-09T11:38:45","slug":"politik-for-beskyttelse-af-personlige-oplysninger","status":"publish","type":"page","link":"https:\/\/lumilean.io\/da\/politik-for-beskyttelse-af-personlige-oplysninger\/","title":{"rendered":"Politik for beskyttelse af personlige oplysninger"},"content":{"rendered":"\t\t<div data-elementor-type=\"wp-page\" data-elementor-id=\"3658\" class=\"elementor elementor-3658 elementor-1913\" data-elementor-post-type=\"page\">\n\t\t\t\t<div class=\"elementor-element elementor-element-facf8aa e-con-full e-flex e-con e-parent\" data-id=\"facf8aa\" data-element_type=\"container\">\n\t\t<div class=\"elementor-element elementor-element-d5f2f3e innertop-banner-sctn e-flex e-con-boxed e-con e-child\" data-id=\"d5f2f3e\" data-element_type=\"container\" data-settings=\"{&quot;background_background&quot;:&quot;gradient&quot;}\">\n\t\t\t\t\t<div class=\"e-con-inner\">\n\t\t<div class=\"elementor-element elementor-element-effe098 e-con-full e-flex e-con e-child\" data-id=\"effe098\" data-element_type=\"container\">\n\t\t\t\t<div class=\"elementor-element elementor-element-5bf23cc elementor-widget elementor-widget-heading\" data-id=\"5bf23cc\" data-element_type=\"widget\" data-widget_type=\"heading.default\">\n\t\t\t\t<div class=\"elementor-widget-container\">\n\t\t\t\t\t<h1 class=\"elementor-heading-title elementor-size-default\">Politik for beskyttelse af personlige oplysninger<\/h1>\t\t\t\t<\/div>\n\t\t\t\t<\/div>\n\t\t\t\t<\/div>\n\t\t\t\t\t<\/div>\n\t\t\t\t<\/div>\n\t\t\t\t<\/div>\n\t\t<div class=\"elementor-element elementor-element-27a8830 e-flex e-con-boxed e-con e-parent\" data-id=\"27a8830\" data-element_type=\"container\">\n\t\t\t\t\t<div class=\"e-con-inner\">\n\t\t\t\t<div class=\"elementor-element elementor-element-10db339 gernal-content elementor-widget elementor-widget-text-editor\" data-id=\"10db339\" data-element_type=\"widget\" data-widget_type=\"text-editor.default\">\n\t\t\t\t<div class=\"elementor-widget-container\">\n\t\t\t\t\t\t\t\t\tDet ansvarlige organ i henhold til databeskyttelseslovgivningen, is\u00e6r EU&#8217;s generelle databeskyttelsesforordning (GDPR), er\n<p data-prosemirror-content-type=\"node\" data-prosemirror-node-name=\"paragraph\" data-prosemirror-node-block=\"true\" data-pm-slice=\"1 1 []\">FitSmart B.V.<br data-prosemirror-content-type=\"node\" data-prosemirror-node-name=\"hardBreak\" data-prosemirror-node-inline=\"true\" \/>Stadhouderskade 5<br data-prosemirror-content-type=\"node\" data-prosemirror-node-name=\"hardBreak\" data-prosemirror-node-inline=\"true\" \/>1054 ES Amsterdam<br data-prosemirror-content-type=\"node\" data-prosemirror-node-name=\"hardBreak\" data-prosemirror-node-inline=\"true\" \/>The Netherlands<\/p>\nMail: <a href=\"mailto:service@leaderoo.com\">service@leaderoo.com<\/a>\n\nDine rettigheder som registreret\nDu kan til enhver tid ud\u00f8ve f\u00f8lgende rettigheder ved at bruge de angivne kontaktoplysninger:\n<ul>\n \t<li>Oplysninger om dine data, der er gemt af os, og behandlingen af dem,<\/li>\n \t<li>Rettelse af forkerte personoplysninger,<\/li>\n \t<li>Sletning af dine data, der er gemt af os,<\/li>\n \t<li>Begr\u00e6nsning af databehandling, for s\u00e5 vidt som vi behandler dine data p\u00e5 grund af\nendnu ikke er slettet p\u00e5 grund af juridiske forpligtelser,<\/li>\n \t<li data-wpmeteor-wheel=\"true\">Indsigelse mod vores behandling af dine data og<\/li>\n \t<li>Dataportabilitet, hvis du har givet samtykke til databehandlingen\neller har indg\u00e5et en kontrakt med os.<\/li>\n<\/ul>\nHvis du har givet os dit samtykke, kan du til enhver tid tilbagekalde det med virkning for fremtiden.\nfor fremtiden.\n\nDu kan til enhver tid kontakte den person, der er ansvarlig for dig, med en klage.\ntilsynsmyndighed. Din kompetente tilsynsmyndighed er baseret p\u00e5\nStat for din bop\u00e6l, dit arbejde eller den formodede skade. En\nDu finder en liste over tilsynsmyndigheder (for den ikke-offentlige sektor) med adresser\nunder:\n<a href=\"https:\/\/www.bfdi.bund.de\/DE\/Infothek\/Anschriften_Links\/anschriften_links-node.html.\">https:\/\/www.bfdi.bund.de\/DE\/Infothek\/Anschriften_Links\/anschriften_links-node.html.<\/a>\nForm\u00e5lene med den dataansvarliges og tredjeparters databehandling\nVi behandler kun dine personlige data til de form\u00e5l, der er beskrevet i denne\nform\u00e5l, der er n\u00e6vnt i privatlivspolitikken. Overf\u00f8rsel af dine personlige data\ntil tredjeparter til andre form\u00e5l end de n\u00e6vnte. Vi giver din\npersonlige data til tredjeparter, hvis:\n<ul>\n \t<li>du har givet dit udtrykkelige samtykke,<\/li>\n \t<li>behandlingen er n\u00f8dvendig for at opfylde en kontrakt med dig,<\/li>\n \t<li>behandlingen er n\u00f8dvendig for at overholde en retlig forpligtelse, behandlingen er n\u00f8dvendig af hensyn til den dataansvarliges legitime interesser, og der er ingen grund til at antage, at du har en mere tungtvejende legitim interesse i behandlingen.\nikke at videregive dine data.<\/li>\n<\/ul>\n<h3><strong>Sletning eller blokering af data<\/strong><\/h3>\nVi overholder principperne om dataundg\u00e5else og data\u00f8konomi. Vi opbevarer derfor kun dine personoplysninger, s\u00e5 l\u00e6nge det er n\u00f8dvendigt for at opfylde de form\u00e5l, der er angivet her, eller som loven kr\u00e6ver.\ngiver mulighed for forskellige opbevaringsperioder. N\u00e5r det respektive form\u00e5l er oph\u00f8rt med at eksistere, eller disse perioder er udl\u00f8bet, vil de tilsvarende data rutinem\u00e6ssigt blive blokeret eller slettet i overensstemmelse med de lovm\u00e6ssige bestemmelser.\n<h3><strong>Indsamling af generelle oplysninger, n\u00e5r du bes\u00f8ger vores hjemmeside<\/strong><\/h3>\nN\u00e5r du g\u00e5r ind p\u00e5 vores hjemmeside, indsamles der automatisk oplysninger af generel karakter ved hj\u00e6lp af en cookie. Disse oplysninger (serverlogfiler) omfatter f.eks. typen af webbrowser, det anvendte operativsystem, dom\u00e6nenavnet p\u00e5 din internetudbyder og lignende. Det er udelukkende oplysninger, som ikke g\u00f8r det muligt at drage konklusioner om din person.\n\nDisse oplysninger er teknisk n\u00f8dvendige for korrekt at kunne levere det webstedsindhold, du har anmodet om, og er obligatoriske, n\u00e5r du bruger internettet. De behandles is\u00e6r til f\u00f8lgende form\u00e5l:\n<ul>\n \t<li>Sikre en problemfri forbindelse til hjemmesiden,<\/li>\n \t<li>Sikre problemfri brug af vores hjemmeside,<\/li>\n \t<li>Evaluering af systemets sikkerhed og stabilitet og<\/li>\n \t<li>til andre administrative form\u00e5l.<\/li>\n<\/ul>\nBehandlingen af dine personoplysninger er baseret p\u00e5 vores legitime interesse ud fra de ovenn\u00e6vnte form\u00e5l med dataindsamlingen. Vi bruger ikke dine data til at drage konklusioner om din person. Modtagerne af oplysningerne er kun den dataansvarlige og, hvis det er relevant, databehandleren.\n\nAnonyme oplysninger af denne art kan blive behandlet af os. statistisk evalueret for at optimere vores hjemmeside og teknologien bag den.\n<h3><strong>Sm\u00e5kager<\/strong><\/h3>\nSom mange andre hjemmesider bruger vi ogs\u00e5 s\u00e5kaldte &#8220;cookies&#8221;. Cookies er sm\u00e5 tekstfiler, der overf\u00f8res fra en hjemmesides server til din harddisk. Dette giver os automatisk visse data s\u00e5som IP-adresse, anvendt browser, operativsystem og din forbindelse til internettet.\n\nCookies kan ikke bruges til at starte programmer eller overf\u00f8re virus til en computer. Ved hj\u00e6lp af oplysningerne i cookies kan vi g\u00f8re navigationen lettere for dig og muligg\u00f8re korrekt visning af vores websider.\n\nCookies kan ikke bruges til at starte programmer eller overf\u00f8re virus til en computer. Ved hj\u00e6lp af oplysningerne i cookies kan vi g\u00f8re navigationen lettere for dig og muligg\u00f8re korrekt visning af vores websider.\n\nDu kan selvf\u00f8lgelig ogs\u00e5 se vores hjemmeside uden cookies. Internetbrowsere er normalt indstillet til at acceptere cookies. Generelt kan du til enhver tid deaktivere brugen af cookies via indstillingerne\ni din browser. Brug venligst hj\u00e6lpefunktionerne i din internetbrowser for at finde ud af, hvordan du \u00e6ndrer disse indstillinger. V\u00e6r opm\u00e6rksom p\u00e5, at enkelte funktioner p\u00e5 vores hjemmeside m\u00e5ske ikke er\nfungerer, hvis du har deaktiveret brugen af cookies.\n<h3><strong>Registrering p\u00e5 vores hjemmeside<\/strong><\/h3>\nN\u00e5r du registrerer dig for at bruge vores personaliserede tjenester, indsamles nogle personlige data, s\u00e5som navn, adresse, kontakt- og kommunikationsdata s\u00e5som telefonnummer og e-mailadresse. Er du med os?\nHvis du er registreret, kan du f\u00e5 adgang til indhold og tjenester, som vi kun tilbyder til registrerede brugere. Registrerede brugere har ogs\u00e5 til enhver tid mulighed for at \u00e6ndre eller slette de data, der er angivet under registreringen.\nVi vil naturligvis ogs\u00e5 til enhver tid give dig oplysninger om de personoplysninger, vi har gemt om dig. Vi vil ogs\u00e5 gerne rette eller slette disse p\u00e5 din anmodning, forudsat at der ikke er nogen lovbestemte opbevaringsforpligtelser til det modsatte. For at kontakte os i denne sammenh\u00e6ng, brug venligst\ni slutningen af denne privatlivspolitik.\n<h3><strong>Kommentar-funktion<\/strong><\/h3>\nN\u00e5r brugere efterlader kommentarer p\u00e5 vores websted, gemmes tidspunktet for deres oprettelse og det brugernavn, der tidligere er valgt af den bes\u00f8gende p\u00e5 webstedet, ud over disse oplysninger. Det er af hensyn til vores sikkerhed, da vi kan blive retsforfulgt for ulovligt indhold p\u00e5 vores hjemmeside, selv om det er skabt af brugerne.\n<h3><strong>SSL-kryptering<\/strong><\/h3>\nFor at beskytte sikkerheden af dine data under overf\u00f8rslen bruger vi avancerede krypteringsmetoder (f.eks. SSL) via HTTPS.\n<h3><strong>Nyhedsbrev<\/strong><\/h3>\nP\u00e5 grundlag af dit udtrykkelige samtykke vil vi regelm\u00e6ssigt sende dig vores nyhedsbrev eller lignende oplysninger via e-mail til den e-mailadresse, du har angivet.\n\nFor at modtage nyhedsbrevet er det tilstr\u00e6kkeligt at indtaste din e-mailadresse. N\u00e5r du tilmelder dig vores nyhedsbrev, vil de data, du giver, udelukkende blive brugt til dette form\u00e5l. Abonnenter kan ogs\u00e5 abonnere via\nblive informeret via e-mail om forhold, der er relevante for tjenesten eller registreringen (f.eks. \u00e6ndringer i tilbuddet om nyhedsbrev eller tekniske forhold).\n\nVi kr\u00e6ver en gyldig e-mailadresse for effektiv registrering. Vi bruger &#8220;double opt-in&#8221;-proceduren til at kontrollere, at en registrering rent faktisk foretages af ejeren af en e-mailadresse. Til dette form\u00e5l logger vi\nBestilling af nyhedsbrevet, afsendelse af en bekr\u00e6ftelsesmail og modtagelse af det \u00f8nskede svar herp\u00e5. Der indsamles ikke yderligere data. Oplysningerne vil udelukkende blive brugt til at sende nyhedsbrevet og vil ikke blive videregivet til tredjeparter.\n\nDu kan til enhver tid tilbagekalde dit samtykke til opbevaring af dine persondata og brugen af dem til udsendelse af nyhedsbrevet. Der er et tilsvarende link i hvert nyhedsbrev. Du kan ogs\u00e5 til enhver tid kontakte os direkte p\u00e5\naf dette websted eller informere os om dit \u00f8nske om at g\u00f8re det via den kontaktmulighed, der findes i slutningen af denne databeskyttelsesmeddelelse.\n<h3><strong>Kontaktformular<\/strong><\/h3>\nHvis du kontakter os med sp\u00f8rgsm\u00e5l af enhver art via e-mail eller kontaktformular, giver du os dit frivillige samtykke med henblik p\u00e5 at kontakte dig. Det kr\u00e6ver en gyldig e-mailadresse. Dette bruges til at tildele anmodningen og derefter besvare den. Angivelsen af yderligere data er valgfri. De oplysninger, du giver, vil blive gemt med henblik p\u00e5 at behandle din anmodning og for eventuelle opf\u00f8lgende sp\u00f8rgsm\u00e5l. N\u00e5r din anmodning er blevet behandlet, slettes dine personlige data automatisk.\n<h3><strong>Brug af Google Analytics<\/strong><\/h3>\nDette websted bruger Google Analytics, en webanalysetjeneste, der leveres af Google Inc. (herefter: Google). Google Analytics bruger &#8220;cookies&#8221;, som er tekstfiler, der placeres p\u00e5 din computer, til at hj\u00e6lpe webstedet med at analysere, hvordan brugerne anvender webstedet.\naf dig. De oplysninger, der genereres af cookien om din brug af dette websted, overf\u00f8res normalt til en Google-server i USA og gemmes der. P\u00e5 grund af aktiveringen af IP-anonymisering\np\u00e5 disse websteder, vil din IP-adresse dog blive gemt af Google inden for medlemslandene i Den Europ\u00e6iske Union eller i andre kontraherende stater i EU.\n\nAftale om Det Europ\u00e6iske \u00d8konomiske Samarbejdsomr\u00e5de p\u00e5 forh\u00e5nd. Kun i s\u00e6rlige tilf\u00e6lde vil den fulde IP-adresse blive overf\u00f8rt til en Google-server i USA og forkortet der. P\u00e5 vegne af operat\u00f8ren af dette websted, Google\nbruge disse oplysninger til at evaluere din brug af webstedet, udarbejde rapporter om webstedsaktivitet og levere andre tjenester i forbindelse med webstedsaktivitet og internetbrug til webstedsoperat\u00f8ren. Den IP-adresse, der overf\u00f8res af din browser som en del af Google Analytics, vil ikke blive sammenlagt med andre Google-data.\n\nForm\u00e5let med databehandlingen er at evaluere brugen af hjemmesiden og at udarbejde rapporter om aktiviteter p\u00e5 hjemmesiden. Baseret p\u00e5 brugen af hjemmesiden og internettet, yderligere tilknyttede\ntjenester leveres. Behandlingen er baseret p\u00e5 webstedsoperat\u00f8rens legitime interesse.\n\nDu kan afvise brugen af cookies ved at v\u00e6lge de relevante indstillinger i din browser, men v\u00e6r opm\u00e6rksom p\u00e5, at hvis du g\u00f8r dette, kan du muligvis ikke bruge alle funktionerne p\u00e5 dette websted.\nkan bruge. Du kan ogs\u00e5 forhindre Google i at indsamle de data, der genereres af cookien, og som vedr\u00f8rer din brug af webstedet (herunder din IP-adresse), og i at behandle disse data af Google ved at aktivere\nfor at downloade og installere det browser-plug-in, der findes p\u00e5 f\u00f8lgende link:\n<a href=\"https:\/\/tools.google.com\/dlpage\/gaoptout?hl=de\">Browser add-on til at deaktivere Google Analytics.<\/a>\n\nSom supplement eller alternativ til browser-tilf\u00f8jelsen kan du forhindre sporing fra Google Analytics p\u00e5 vores sider ved at <a href=\"https:\/\/www.perfect-you24.com\/datenschutz\">klikke p\u00e5 dette link<\/a>. En opt-out-cookie vil blive installeret p\u00e5 din enhed. Det betyder, at optagelsen\naf Google Analytics for dette websted og for denne browser i fremtiden, s\u00e5 l\u00e6nge cookien forbliver installeret i din browser.\n<h3><strong>Brug af scriptbiblioteker (Google Webfonts)<\/strong><\/h3>\nVi bruger scriptbiblioteker og skrifttypebiblioteker som Google Web Fonts (<a href=\"https:\/\/fonts.google.com\/\">https:\/\/www.google.com\/webfonts\/)<\/a> p\u00e5 dette websted for at kunne vise vores indhold korrekt og grafisk tiltalende i alle browsere. Googles webfonte overf\u00f8res til cachen i din browser for at undg\u00e5 flere indl\u00e6sninger. Hvis browseren ikke underst\u00f8tter Google Web Fonts eller forhindrer adgang, vises indholdet med en standardskrifttype.\n\nOpkald til scriptbiblioteker eller skrifttypebiblioteker udl\u00f8ser automatisk en forbindelse til biblioteksoperat\u00f8ren. Det er teoretisk muligt &#8211; men i \u00f8jeblikket ogs\u00e5 uklart, om og i givet fald til hvilke form\u00e5l &#8211; at operat\u00f8rer\nindsamle data fra de relevante biblioteker. Privatlivspolitikken for biblioteksoperat\u00f8ren Google kan findes her:\n<a href=\"https:\/\/policies.google.com\/privacy\">https:\/\/www.google.com\/policies\/privacy\/<\/a>\n<h3><strong>Brug af Google Map<\/strong><\/h3>\nDette websted bruger Google Maps API til at vise geografiske oplysninger visuelt. N\u00e5r du bruger Google Maps, indsamler, behandler og bruger Google ogs\u00e5 data om de bes\u00f8gendes brug af kortfunktionerne.\nDu kan finde flere oplysninger om Googles databehandling i Googles <a href=\"https:\/\/policies.google.com\/privacy\">privatlivspolitik<\/a>. Du kan ogs\u00e5 \u00e6ndre dine personlige databeskyttelsesindstillinger der i databeskyttelsescentret\n\nDetaljerede instruktioner om h\u00e5ndtering af dine egne data i forbindelse med Google-produkter kan findes <a href=\"https:\/\/support.google.com\/accounts\/answer\/3024190\">her<\/a>.\n<h3><strong>Google AdWords<\/strong><\/h3>\nVores hjemmeside bruger Google Conversion Tracking. Hvis du er kommet ind p\u00e5 vores hjemmeside via en annonce fra Google, s\u00e6tter Google Adwords en cookie p\u00e5 din computer. Cookien til konverteringssporing er\nindstilles, n\u00e5r en bruger klikker p\u00e5 en annonce, der er placeret af Google. Disse cookies mister deres gyldighed efter 30 dage og bruges ikke til personlig identifikation. Hvis brugeren bes\u00f8ger bestemte sider p\u00e5 vores hjemmeside, og cookien\nendnu ikke er udl\u00f8bet, kan vi og Google genkende, at brugeren har klikket p\u00e5 annoncen og er blevet omdirigeret til denne side. Hver Google AdWords-kunde modtager en forskellig cookie. Cookies kan derfor ikke gemmes via\nAdWords-kunders hjemmesider kan spores. De oplysninger, der indsamles ved hj\u00e6lp af konverteringscookien, bruges til at generere konverteringsstatistikker for AdWords-kunder, der har valgt konverteringssporing. Den\nKunderne finder ud af det samlede antal brugere, der har klikket p\u00e5 deres annonce og er blevet omdirigeret til en side med et konverteringssporingstag. De modtager dog ingen oplysninger, som brugerne kan identificeres personligt med.\nLad v\u00e6re.\n\nHvis du ikke \u00f8nsker at deltage i sporing, kan du afvise indstillingen af en cookie, der kr\u00e6ves til dette &#8211; for eksempel ved at indstille din browser til generelt at deaktivere den automatiske indstilling af cookies eller til at indstille din browser, s\u00e5 cookies blokeres af\nDom\u00e6net &#8220;googleleadservices.com&#8221; bliver blokeret\n\nBem\u00e6rk, at du ikke m\u00e5 slette opt-out-cookies, s\u00e5 l\u00e6nge du ikke \u00f8nsker, at der skal registreres m\u00e5ledata. Hvis du har slettet alle dine cookies i browseren, skal du indstille den respektive opt-out-cookie igen.\n<h3><strong>Brug af Google Remarketing<\/strong><\/h3>\nDette websted bruger remarketingfunktionen fra Google Inc. Denne funktion bruges til at pr\u00e6sentere interessebaserede reklamer for bes\u00f8gende p\u00e5 hjemmesiden inden for Googles reklamenetv\u00e6rk. En s\u00e5kaldt &#8220;cookie&#8221; gemmes i den bes\u00f8gendes browser, hvilket g\u00f8r det muligt at genkende den bes\u00f8gende, n\u00e5r han eller hun g\u00e5r ind p\u00e5 websteder, der tilh\u00f8rer reklamenetv\u00e6rket.\ntilh\u00f8rer Google. P\u00e5 disse sider kan den bes\u00f8gende blive pr\u00e6senteret for reklamer, der vedr\u00f8rer indhold, som den bes\u00f8gende tidligere har f\u00e5et adgang til p\u00e5 websteder, der bruger Googles remarketingfunktion.\n\nIf\u00f8lge egne oplysninger indsamler Google ikke nogen personlige data under denne proces. Men hvis du ikke \u00f8nsker at bruge Googles remarketingfunktion, kan du altid deaktivere den ved at klikke p\u00e5 den tilsvarende\nForetag indstillinger p\u00e5 <a href=\"https:\/\/www.google.com\/settings\/ads\">http:\/\/www.google.com\/settings\/ads.<\/a> Alternativt kan du deaktivere brugen af cookies til interessebaseret annoncering via reklamenetv\u00e6rksinitiativet ved at f\u00f8lge instruktionerne p\u00e5 <a href=\"https:\/\/thenai.org\/opt-out\/\">http:\/\/www.networkadvertising.org\/managing\/opt_out.asp.<\/a>\n<h3><strong>\u00c6ndringer i vores privatlivspolitik<\/strong><\/h3>\nVi forbeholder os ret til at tilpasse denne privatlivspolitik, s\u00e5 den altid er i overensstemmelse med g\u00e6ldende lovkrav, eller til at implementere \u00e6ndringer i vores tjenester i privatlivspolitikken, f.eks. ved introduktion af nye tjenester. Den nye privatlivspolitik vil derefter g\u00e6lde for dit n\u00e6ste bes\u00f8g.\n<h3><strong>Sp\u00f8rgsm\u00e5l til den databeskyttelsesansvarlige<\/strong><\/h3>\nHvis du har sp\u00f8rgsm\u00e5l om databeskyttelse, bedes du sende os en e-mail: <a href=\"mailto:service@leaderoo.com\">service@leaderoo.com<\/a>\t\t\t\t\t\t\t\t<\/div>\n\t\t\t\t<\/div>\n\t\t\t\t\t<\/div>\n\t\t\t\t<\/div>\n\t\t\t\t<\/div>\n\t\t","protected":false},"excerpt":{"rendered":"<p>Politik for beskyttelse af personlige oplysninger Det ansvarlige organ i henhold til databeskyttelseslovgivningen, is\u00e6r EU&#8217;s generelle databeskyttelsesforordning (GDPR), er FitSmart B.V.Stadhouderskade 51054 ES AmsterdamThe Netherlands Mail: service@leaderoo.com Dine rettigheder som registreret Du kan til enhver tid ud\u00f8ve f\u00f8lgende rettigheder ved at bruge de angivne kontaktoplysninger: Oplysninger om dine data, der er gemt af os, og [&hellip;]<\/p>\n","protected":false},"author":1,"featured_media":0,"parent":0,"menu_order":0,"comment_status":"closed","ping_status":"closed","template":"elementor_header_footer","meta":{"_acf_changed":false,"bwfblock_default_font":"","inline_featured_image":false,"footnotes":""},"class_list":["post-3658","page","type-page","status-publish","hentry"],"acf":[],"_links":{"self":[{"href":"https:\/\/lumilean.io\/da\/wp-json\/wp\/v2\/pages\/3658","targetHints":{"allow":["GET"]}}],"collection":[{"href":"https:\/\/lumilean.io\/da\/wp-json\/wp\/v2\/pages"}],"about":[{"href":"https:\/\/lumilean.io\/da\/wp-json\/wp\/v2\/types\/page"}],"author":[{"embeddable":true,"href":"https:\/\/lumilean.io\/da\/wp-json\/wp\/v2\/users\/1"}],"replies":[{"embeddable":true,"href":"https:\/\/lumilean.io\/da\/wp-json\/wp\/v2\/comments?post=3658"}],"version-history":[{"count":11,"href":"https:\/\/lumilean.io\/da\/wp-json\/wp\/v2\/pages\/3658\/revisions"}],"predecessor-version":[{"id":3029088,"href":"https:\/\/lumilean.io\/da\/wp-json\/wp\/v2\/pages\/3658\/revisions\/3029088"}],"wp:attachment":[{"href":"https:\/\/lumilean.io\/da\/wp-json\/wp\/v2\/media?parent=3658"}],"curies":[{"name":"wp","href":"https:\/\/api.w.org\/{rel}","templated":true}]}}