{"id":1948,"date":"2024-04-23T09:21:59","date_gmt":"2024-04-23T09:21:59","guid":{"rendered":"https:\/\/lumilean.io\/terms-and-conditions\/"},"modified":"2026-01-09T11:29:03","modified_gmt":"2026-01-09T11:29:03","slug":"terms-and-conditions","status":"publish","type":"page","link":"https:\/\/lumilean.io\/de\/terms-and-conditions\/","title":{"rendered":"Allgemeine Gesch\u00e4ftsbedingungen"},"content":{"rendered":"\t\t<div data-elementor-type=\"wp-page\" data-elementor-id=\"1948\" class=\"elementor elementor-1948 elementor-1879\" data-elementor-post-type=\"page\">\n\t\t\t\t<div class=\"elementor-element elementor-element-1d9106c1 e-con-full e-flex e-con e-parent\" data-id=\"1d9106c1\" data-element_type=\"container\">\n\t\t<div class=\"elementor-element elementor-element-7a7a0e2 innertop-banner-sctn e-flex e-con-boxed e-con e-child\" data-id=\"7a7a0e2\" data-element_type=\"container\" data-settings=\"{&quot;background_background&quot;:&quot;gradient&quot;}\">\n\t\t\t\t\t<div class=\"e-con-inner\">\n\t\t<div class=\"elementor-element elementor-element-e0a7e8b e-con-full e-flex e-con e-child\" data-id=\"e0a7e8b\" data-element_type=\"container\">\n\t\t\t\t<div class=\"elementor-element elementor-element-8ec0b82 elementor-widget elementor-widget-heading\" data-id=\"8ec0b82\" data-element_type=\"widget\" data-widget_type=\"heading.default\">\n\t\t\t\t<div class=\"elementor-widget-container\">\n\t\t\t\t\t<h1 class=\"elementor-heading-title elementor-size-default\">Allgemeine Gesch\u00e4ftsbedingungen<\/h1>\t\t\t\t<\/div>\n\t\t\t\t<\/div>\n\t\t\t\t<\/div>\n\t\t\t\t\t<\/div>\n\t\t\t\t<\/div>\n\t\t\t\t<\/div>\n\t\t<div class=\"elementor-element elementor-element-15bf3a4 e-flex e-con-boxed e-con e-parent\" data-id=\"15bf3a4\" data-element_type=\"container\">\n\t\t\t\t\t<div class=\"e-con-inner\">\n\t\t\t\t<div class=\"elementor-element elementor-element-b43dbf0 gernal-content elementor-widget elementor-widget-text-editor\" data-id=\"b43dbf0\" data-element_type=\"widget\" data-widget_type=\"text-editor.default\">\n\t\t\t\t<div class=\"elementor-widget-container\">\n\t\t\t\t\t\t\t\t\t<h3 class=\"wp-block-heading\">1 Vertragspartner<\/h3>\n<p data-prosemirror-content-type=\"node\" data-prosemirror-node-name=\"paragraph\" data-prosemirror-node-block=\"true\" data-pm-slice=\"1 1 []\">FitSmart B.V.<br data-prosemirror-content-type=\"node\" data-prosemirror-node-name=\"hardBreak\" data-prosemirror-node-inline=\"true\" \/>Stadhouderskade 5<br data-prosemirror-content-type=\"node\" data-prosemirror-node-name=\"hardBreak\" data-prosemirror-node-inline=\"true\" \/>1054 ES Amsterdam<br data-prosemirror-content-type=\"node\" data-prosemirror-node-name=\"hardBreak\" data-prosemirror-node-inline=\"true\" \/>The Netherlands<\/p>\nIm folgenden Text als Vertragspartner bezeichnet.\n<h3 class=\"wp-block-heading\">2 Allgemeines, Anwendungsbereich<\/h3>\nAlle Leistungen, die der Vertragspartner f\u00fcr den Kunden erbringt, werden von\nausschlie\u00dflich auf der Grundlage der nachfolgenden Allgemeinen Gesch\u00e4ftsbedingungen erbracht. Abweichende Bestimmungen gelten nur insoweit, als sie zwischen dem Vertragspartner und dem Kunden vereinbart oder in diesen Allgemeinen Gesch\u00e4ftsbedingungen ausdr\u00fccklich aufgef\u00fchrt sind.\n<h3 class=\"wp-block-heading\">3 Zahlung, F\u00e4lligkeit, Zahlungsverzug<\/h3>\n<ol>\n \t<li>Die Bezahlung der Waren kann per Kreditkarte oder PayPal,\nSofort\u00fcberweisung oder auf Rechnung erfolgen. Der Vertragspartner beh\u00e4lt sich das Recht vor,\nim Einzelfall bestimmte Zahlungsarten zu akzeptieren oder auszuschlie\u00dfen.<\/li>\n \t<li>Bei Zahlung per Paypal verpflichtet sich der Kunde, den Kaufpreis nach\nVertragsabschluss unverz\u00fcglich zu zahlen.<\/li>\n \t<li>Befindet sich der Kunde in Zahlungsverzug, so hat er Anspruch auf jede\nFahrl\u00e4ssigkeit. Er haftet auch f\u00fcr Zuf\u00e4lle, die auf die Dienstleistung zur\u00fcckzuf\u00fchren sind, es sei denn,\ndass der Schaden auch bei rechtzeitiger Zahlung eingetreten w\u00e4re.<\/li>\n \t<li>Der Kaufpreis ist w\u00e4hrend des Verzugszeitraums zu verzinsen. Der Verzugszinssatz betr\u00e4gt\nf\u00fcnf Prozentpunkte \u00fcber dem Basiszinssatz f\u00fcr das Jahr. Bei Rechtsgesch\u00e4ften mit\n, an denen ein Verbraucher nicht beteiligt ist, betr\u00e4gt der Zinssatz acht Prozentpunkte \u00fcber\ndem Basiszinssatz.<\/li>\n \t<li>Die Geltendmachung eines weiteren Schadens ist nicht ausgeschlossen.<\/li>\n<\/ol>\n<h3 class=\"wp-block-heading\">4 Lieferung<\/h3>\n<ol>\n \t<li>Die Lieferung erfolgt durch Sendung der Ware an die vom Kunden angegebene Adresse.\nAdresse. Die Lieferfrist betr\u00e4gt in der Regel 3-5 Arbeitstage nach Eingang der Bestellung.\nKaufpreis. Diese Angaben sind unverbindlich, sofern nichts anderes vereinbart wurde.<\/li>\n \t<li>Die Lieferung erfolgt gegen die\nVerpackungs- und Versandkosten. Bei Lieferungen ins Ausland wird, sofern nicht anders vereinbart\n, der Preis f\u00fcr Verpackung und Versand gesondert nach Gewicht angegeben.\nberechnet. Wenn der Kunde eine besondere Versandart w\u00fcnscht, bei der h\u00f6here\nKosten anfallen, muss er auch diese Mehrkosten tragen.<\/li>\n<\/ol>\n<h3 class=\"wp-block-heading\">5 Eigentumsvorbehalt<\/h3>\nDie Ware bleibt bis zur vollst\u00e4ndigen Bezahlung Eigentum des Vertragspartners.\nVerpf\u00e4ndung, Sicherungs\u00fcbereignung, Verarbeitung, \u00dcbereignung\noder Umgestaltung ohne ausdr\u00fcckliche Zustimmung des Vertragspartners.\nzul\u00e4ssig.\n<h3 class=\"wp-block-heading\">6 Preise<\/h3>\n<ol>\n \t<li>Der f\u00fcr unsere Waren angegebene Preis ist der Endpreis,\neinschlie\u00dflich etwaiger Mehrwertsteuer und anderer Preisbestandteile. Der\nPreis beinhaltet nicht die Liefer- und Versandkosten.<\/li>\n \t<li>Mit der Aktualisierung der Internetseiten des Vertragspartners werden alle bisherigen\nPreise und sonstigen Angaben \u00fcber Waren ung\u00fcltig.<\/li>\n \t<li>Ma\u00dfgeblich f\u00fcr die Rechnungsstellung ist der Preis zum Zeitpunkt der Rechnungsstellung.\nAngebot des Kunden.<\/li>\n<\/ol>\n<h3 class=\"wp-block-heading\">7 Recht auf Widerruf<\/h3>\n<ol>\n \t<li>Der Vertragspartner ist ferner berechtigt, hinsichtlich eines noch offenen\nTeils der Lieferung oder Leistung vom Vertrag zur\u00fcckzutreten, wenn falsche Angaben \u00fcber die Lieferung oder Leistung gemacht werden.\n\u00fcber die Kreditw\u00fcrdigkeit des Kunden gemacht worden sind oder objektive Gr\u00fcnde hinsichtlich der\nZahlungsf\u00e4higkeit des Kunden vorliegen und der Kunde auf Verlangen des\nVertragspartners weder Vorauszahlung leistet noch eine geeignete\nSicherheit erbringt oder wenn \u00fcber das Verm\u00f6gen des Kunden das Insolvenzverfahren\ner\u00f6ffnet oder ein Antrag auf Er\u00f6ffnung des Insolvenzverfahrens mangels kostendeckenden Verm\u00f6gens\ngestellt worden ist.<\/li>\n \t<li>Unbeschadet der Schadensersatzanspr\u00fcche des Vertragspartners sind im Falle des\nTeilr\u00fccktritts bereits erbrachte Teilleistungen vertragsgem\u00e4\u00df abzurechnen und zu verg\u00fcten.\nzahlen.<\/li>\n<\/ol>\nWiderrufsbelehrung\nSie haben das Recht, binnen vierzehn Tagen ohne Angabe von Gr\u00fcnden diesen Vertrag zu widerrufen.\nzu widerrufen.\nDie Widerrufsfrist betr\u00e4gt vierzehn Tage:\n<ol>\n \t<li>Im Falle eines Kaufvertrags ab dem Tag, an dem Sie oder ein von Ihnen\nbenannter Dritter, der nicht der Frachtf\u00fchrer ist, die Waren\nin Besitz genommen haben oder hat.<\/li>\n \t<li>Im Falle eines Vertrages \u00fcber mehrere Waren, die als Teil eines\nin einem einzigen Auftrag bestellt wurden und die getrennt von\ngeliefert werden, der Tag, an dem Sie oder ein von Ihnen benannter Dritter, der nicht der\nFrachtf\u00fchrer ist, die letzte Ware in Besitz genommen haben.<\/li>\n \t<li>Bei einem Vertrag \u00fcber die regelm\u00e4\u00dfige Lieferung von Waren \u00fcber eine\nFrist ab dem Tag, an dem Sie oder ein von Ihnen bevollm\u00e4chtigter\ngenannter Dritter, der nicht der Frachtf\u00fchrer ist, die ersten Waren in Besitz genommen haben.\ngenommen haben oder genommen haben.<\/li>\n<\/ol>\nUm Ihr Widerrufsrecht auszu\u00fcben, m\u00fcssen Sie den Vertragspartner mittels einer\neindeutigen Erkl\u00e4rung (z.B. ein mit der Post versandter Brief oder eine E-Mail) \u00fcber Ihren\nEntschluss, diesen Vertrag zu widerrufen, informieren. Bitte f\u00fcllen Sie das\nfolgende Widerrufsformular aus und lassen Sie es uns unterschrieben per E-Mail\nzukommen:\n\n&#8211; Muster-Widerrufsformular Anfang &#8211;\n\nWiderruf\n\nHiermit widerrufe(n) ich\/wir (*) den von mir\/uns (*) abgeschlossenen Vertrag \u00fcber den\nKauf der folgenden Waren (*)\/die Erbringung der folgenden Dienstleistung (*):\n__________________________\n____________________________________________________\n____________________________________________________\n\nBestellnummer \/ Bestellung: ___________________________________\nBestellt am (*)\/erhalten am (*):\n__________________________________________\nName des\/der Verbraucher(s):\n__________________________________________\nAdresse des\/der Verbraucher(s):\n__________________________________________\n________________________________________\nUnterschrift des\/der Verbraucher(s)\n\nDatum: __________________________________\n\n(*) Gegebenenfalls streichen.\n\n&#8211; Muster-Widerrufsformular Ende-\n\nZur Wahrung der Widerrufsfrist reicht es aus, dass Sie die Mitteilung \u00fcber die Aus\u00fcbung des Widerrufsrechts vor Ablauf der Widerrufsfrist absenden.\n<h3 class=\"wp-block-heading\">Folgen des Widerrufs<\/h3>\nWenn Sie diesen Vertrag widerrufen, haben wir Ihnen alle Zahlungen, die wir von Ihnen erhalten haben,\neinschlie\u00dflich der Lieferkosten (mit Ausnahme der zus\u00e4tzlichen Kosten,\ndie sich daraus ergeben, dass Sie eine andere Art der Lieferung als die von uns\nangebotene, g\u00fcnstigste Standardlieferung gew\u00e4hlt haben), unverz\u00fcglich und sp\u00e4testens\nbinnen vierzehn Tagen ab dem Tag zur\u00fcckzuzahlen, an dem die Mitteilung \u00fcber Ihren\nWiderruf dieses Vertrags bei uns eingegangen ist. F\u00fcr diese R\u00fcckzahlung verwenden\ndasselbe Zahlungsmittel, das Sie bei der urspr\u00fcnglichen Transaktion eingesetzt haben.\nhaben, es sei denn, mit Ihnen wurde ausdr\u00fccklich etwas anderes vereinbart; in keinem Fall wird die\nIn diesem Fall werden Ihnen Geb\u00fchren f\u00fcr diese R\u00fcckzahlung\nWir k\u00f6nnen die R\u00fcckzahlung verweigern, bis wir die Waren wieder zur\u00fcckerhalten haben\noder bis Sie den Nachweis erbracht haben, dass Sie die Waren zur\u00fcckgesandt haben.\nje nachdem, welcher der fr\u00fchere Zeitpunkt ist.\nSie haben die Waren unverz\u00fcglich und in jedem Fall sp\u00e4testens binnen vierzehn\nTagen ab dem Tag, an dem Sie uns \u00fcber den Widerruf dieses Vertrags unterrichten, an\nzur\u00fcckzusenden oder an den Vertragspartner zu \u00fcbergeben. Die Frist ist gewahrt, wenn\nSie die Waren vor Ablauf der Frist von vierzehn Tagen absenden.\nR\u00fccksendungen werden nur angenommen, wenn die Waren portofrei\nunter Angabe des Namens, der Adresse, der Telefonnummer und der Bestellnummer zur\u00fcckgesandt werden.\nSie m\u00fcssen f\u00fcr einen etwaigen Wertverlust der Waren nur aufkommen, wenn dieser\nWertverlust auf einen zur Pr\u00fcfung der Beschaffenheit, Eigenschaften und\nFunktionsweise der Waren nicht notwendigen Umgang mit ihnen zur\u00fcckzuf\u00fchren ist.\n<h3 class=\"wp-block-heading\">Ausschluss des Widerrufsrechts<\/h3>\nBestellungen von versiegelten Waren, z.B. auch von Nahrungserg\u00e4nzungsmitteln, die\naus Gr\u00fcnden des Gesundheitsschutzes oder der Hygiene nicht zur R\u00fcckgabe geeignet sind\nwenn ihre Versiegelung nach der Lieferung entfernt wurde oder von Waren, die\nnicht vorgefertigt sind und f\u00fcr deren Herstellung eine individuelle Auswahl oder\nder Verbraucher ma\u00dfgeblich ist oder die eindeutig auf die\npers\u00f6nlichen Bed\u00fcrfnisse des Verbrauchers zugeschnitten sind oder von Waren, die\nschnell verderben oder deren Verfallsdatum schnell \u00fcberschritten w\u00fcrde,\nkann nicht widerrufen werden.\n&#8211; Ende der Widerrufsbelehrung &#8211;\n<h3 class=\"wp-block-heading\">8 Garantie<\/h3>\n<ol>\n \t<li>Ist die Sache mangelhaft, so hat der Kunde das Recht, als Nacherf\u00fcllung nach seiner\nWahl die Beseitigung des Mangels oder die Lieferung einer mangelfreien Sache\nverlangen. Der Vertragspartner kann die vom Kunden gew\u00e4hlte Art der Nacherf\u00fcllung\nw\u00e4hlen, wenn diese nur mit unverh\u00e4ltnism\u00e4\u00dfigen Kosten m\u00f6glich ist. Ma\u00dfgeblich sind\ninsbesondere der Wert der Sache in mangelfreiem Zustand, die Bedeutung des\nMangels und die Frage, ob die andere Art der Nacherf\u00fcllung\nohne erhebliche Nachteile f\u00fcr den K\u00e4ufer verwendet werden kann. Der Anspruch\ndes Kunden beschr\u00e4nkt sich in diesem Fall auf die andere Art der Nacherf\u00fcllung; das\nRecht des Vertragspartners, auch diese unter den Voraussetzungen des Satzes 1\nzu verlangen, bleibt unber\u00fchrt.<\/li>\n \t<li>Wenn die Ware bereits benutzt wurde, Verschlei\u00df oder\nunsachgem\u00e4\u00dfe Benutzung der Ware nach der R\u00fccksendung, wurde eine Wertminderung festgestellt.\ndie mit einer R\u00fcckerstattung des Kaufpreises verrechnet wird.<\/li>\n \t<li>Ist der Kauf f\u00fcr beide Seiten ein Handelsgesch\u00e4ft, so hat der Kunde\nunverz\u00fcglich nach Lieferung, soweit dies nach ordnungsgem\u00e4\u00dfem Gesch\u00e4ftsgang tunlich ist,\n. Zeigt sich ein Mangel, so hat er uns dies\nunverz\u00fcglich mitzuteilen. Unterl\u00e4sst der Kunde die Anzeige, so gilt die Ware als\ngenehmigt, es sei denn, dass es sich um einen Mangel handelt, der bei\nUntersuchung nicht erkennbar war. Zeigt sich sp\u00e4ter ein solcher Mangel, so muss die\nunverz\u00fcglich nach der Entdeckung gemacht werden; andernfalls gilt die Ware auch in Ansehung dieses Mangels als\ngenehmigt. Diese Bestimmungen gelten nicht,\nwenn der Mangel arglistig verschwiegen wurde. Zur Wahrung der Rechte des Kunden\ngen\u00fcgt die rechtzeitige Absendung der Anzeige.<\/li>\n \t<li>Liefert der Vertragspartner zum Zwecke der Nacherf\u00fcllung eine mangelfreie Sache,\nkann er vom Kunden die R\u00fcckgabe der mangelhaften Sache verlangen.<\/li>\n \t<li>Sch\u00e4den, die durch unsachgem\u00e4\u00dfe oder vertragswidrige Ma\u00dfnahmen des Kunden,\nbei Aufstellung, Anschluss, Bedienung oder Lagerung hervorgerufen werden,\nbegr\u00fcnden keinen Anspruch gegen den Vertragspartner. Die Ungeeignetheit und\nVertragswidrigkeit bestimmt sich insbesondere nach den Angaben des Herstellers der\ngelieferten Ware.<\/li>\n<\/ol>\n<h3 class=\"wp-block-heading\">9 Begrenzung der Haftung<\/h3>\n<ol>\n \t<li>F\u00fcr andere als durch Verletzung von Leben, K\u00f6rper und Gesundheit entstehende Sch\u00e4den\nhaftet der Vertragspartner nur, soweit diese Sch\u00e4den auf vors\u00e4tzlicher oder\ngrob fahrl\u00e4ssiger oder schuldhafter Verletzung einer wesentlichen Vertragspflicht beruhen.\nVertragspflicht durch den Vertragspartner oder seine Erf\u00fcllungsgehilfen. Eine\nweitergehende Haftung auf Schadensersatz ist ausgeschlossen. Die\nBestimmungen des Produkthaftungsgesetzes bleiben hiervon unber\u00fchrt.<\/li>\n \t<li>Nach dem derzeitigen Stand der Technik kann die Datenkommunikation \u00fcber das Internet\nnicht fehlerfrei und\/oder jederzeit verf\u00fcgbar gew\u00e4hrleistet werden. Die\nDer Vertragspartner haftet daher nicht f\u00fcr die jederzeitige Verf\u00fcgbarkeit des Online-Shops<\/li>\n<\/ol>\n<h3 class=\"wp-block-heading\">10 Datenschutz<\/h3>\nAlle f\u00fcr die Ausf\u00fchrung der Bestellung erforderlichen personenbezogenen Daten werden in\nin maschinenlesbarer Form gespeichert und vertraulich behandelt. Die f\u00fcr die Abwicklung\neiner Bestellung erforderlichen Daten, wie Name und Adresse, werden in der\nAusf\u00fchrung der Lieferung an die mit der Lieferung der Ware beauftragte Stelle\nweitergegeben.\n<h3 class=\"wp-block-heading\">11 Ort der Gerichtsbarkeit<\/h3>\nDie Vertragsparteien vereinbaren die Anwendung des niederl\u00e4ndischen Rechts.\nAls Gerichtsstand f\u00fcr Streitigkeiten aus dem Vertrag wird Amsterdam\nvereinbart.\n<h3 class=\"wp-block-heading\">12 Salvatorische Klausel<\/h3>\nSollte eine Bestimmung dieser AGB unwirksam oder undurchf\u00fchrbar sein oder werden,\nbleiben die \u00fcbrigen Bestimmungen dieser AGB davon unber\u00fchrt.\n<h3 class=\"wp-block-heading\">13 R\u00fccktritt vom Vertrag<\/h3>\nIm Falle eines berechtigten R\u00fccktritts vom Vertrag durch einen Verbraucher ist eine\nR\u00fcckerstattung des Kaufvertrags nur Zug um Zug gegen R\u00fcckgabe der von der\ngelieferten Ware durch den K\u00e4ufer m\u00f6glich. Voraussetzung daf\u00fcr ist, dass die Ware originalverpackt und\nunbesch\u00e4digt ist und die Originalrechnung beigef\u00fcgt ist. Bei Artikeln, die\nGebrauchsspuren aufweisen oder deren Verpackung besch\u00e4digt ist, ist eine\nangemessene Entsch\u00e4digung f\u00fcr die Wertminderung zu zahlen. Die Kosten f\u00fcr die\nR\u00fccksendung gehen zu Lasten des K\u00e4ufers.\nKlarna\nIn Zusammenarbeit mit \u00a0<a href=\"https:\/\/www.klarna.com\/de\/\">Klarna Bank AB (publ)<\/a>, Sveav\u00e4gen 46, 111 34 Stockholm,\nSchweden, bieten wir die folgenden Zahlungsm\u00f6glichkeiten an. Die Zahlung erfolgt in jedem Fall\nan Klarna:\n<ul>\n \t<li>Rechnung: Die Zahlungsfrist betr\u00e4gt [14] Tage ab dem Versand der Ware\/des Tickets\/\noder, im Falle anderer Dienstleistungen, der Bereitstellung des\nService. Die vollst\u00e4ndigen Rechnungsbedingungen f\u00fcr die L\u00e4nder in\n, in denen diese Zahlungsmethode verf\u00fcgbar ist, finden Sie hier: Deutschland, \u00d6sterreich.<\/li>\n \t<li>Ratenkauf: Mit dem Finanzierungsservice von Klarna k\u00f6nnen Sie Ihren Kauf in Raten bezahlen.\nfeste oder flexible monatliche Raten zu den in der Kasse angegebenen Raten.\nZahlungsbedingungen. Die Ratenzahlung ist am Ende des Monats f\u00e4llig, der auf\nfolgt. Die Zahlung wird f\u00e4llig, wenn eine monatliche Rechnung von Klarna verschickt wird. Weitere Informationen\nf\u00fcr Ratenk\u00e4ufe einschlie\u00dflich der Allgemeinen Gesch\u00e4ftsbedingungen und der\nEurop\u00e4ischen Standardinformationen f\u00fcr Verbraucherkredite f\u00fcr die L\u00e4nder in\n, in denen diese Zahlungsmethode verf\u00fcgbar ist, finden Sie hier (nur in den angegebenen\nL\u00e4ndern verf\u00fcgbar): Deutschland, \u00d6sterreich.<\/li>\n \t<li>Sofort\u00fcberweisung: Verf\u00fcgbar in Deutschland, \u00d6sterreich. Die Aufladung auf Ihr\nKonto erfolgt sofort nach der Bestellung.<\/li>\n \t<li>Lastschriftverfahren: Der Betrag wird abgebucht, nachdem die Ware versandt worden ist. Der Zeitpunkt wird\nsein. Sie werden per E-Mail benachrichtigt. Weitere Informationen finden Sie hier.<\/li>\n \t<li>Kreditkarte (Visa\/Mastercard): Verf\u00fcgbar in Deutschland. Die Abbuchung erfolgt\nnach Versand der Waren oder Tickets \/ Verf\u00fcgbarkeit der Dienstleistung oder im Falle von\neines Abonnements gem\u00e4\u00df den mitgeteilten Zeiten.<\/li>\n<\/ul>\nDie Nutzung der Zahlungsarten Rechnung, Ratenkauf und Lastschrift erfordert eine positive\nBonit\u00e4tspr\u00fcfung erforderlich. Insoweit leiten wir Ihre Daten im Rahmen der Kaufanbahnung\nund Kaufvertragsabwicklung an Klarna zum Zwecke der Adress- und\nBonit\u00e4tspr\u00fcfung weiter. Bitte haben Sie Verst\u00e4ndnis daf\u00fcr, dass wir Ihnen nur diejenigen\nZahlungsarten anbieten k\u00f6nnen, die aufgrund des Ergebnisses der Bonit\u00e4tspr\u00fcfung zul\u00e4ssig sind.\nsind. Weitere Informationen und die Nutzungsbedingungen von Klarna finden Sie hier.\nAllgemeine Informationen \u00fcber Klarna finden Sie hier. Ihre pers\u00f6nlichen Daten werden\nvon Klarna in \u00dcbereinstimmung mit den geltenden Datenschutzbestimmungen und\nin \u00dcbereinstimmung mit den Informationen in der Datenschutzerkl\u00e4rung von Klarna behandelt.\t\t\t\t\t\t\t\t<\/div>\n\t\t\t\t<\/div>\n\t\t\t\t\t<\/div>\n\t\t\t\t<\/div>\n\t\t\t\t<\/div>\n\t\t","protected":false},"excerpt":{"rendered":"<p>Allgemeine Gesch\u00e4ftsbedingungen 1 Vertragspartner FitSmart B.V.Stadhouderskade 51054 ES AmsterdamThe Netherlands Im folgenden Text als Vertragspartner bezeichnet. 2 Allgemeines, Anwendungsbereich Alle Leistungen, die der Vertragspartner f\u00fcr den Kunden erbringt, werden von ausschlie\u00dflich auf der Grundlage der nachfolgenden Allgemeinen Gesch\u00e4ftsbedingungen erbracht. Abweichende Bestimmungen gelten nur insoweit, als sie zwischen dem Vertragspartner und dem Kunden vereinbart oder in [&hellip;]<\/p>\n","protected":false},"author":1,"featured_media":0,"parent":0,"menu_order":0,"comment_status":"closed","ping_status":"closed","template":"elementor_header_footer","meta":{"_acf_changed":false,"bwfblock_default_font":"","inline_featured_image":false,"footnotes":""},"class_list":["post-1948","page","type-page","status-publish","hentry"],"acf":[],"_links":{"self":[{"href":"https:\/\/lumilean.io\/de\/wp-json\/wp\/v2\/pages\/1948","targetHints":{"allow":["GET"]}}],"collection":[{"href":"https:\/\/lumilean.io\/de\/wp-json\/wp\/v2\/pages"}],"about":[{"href":"https:\/\/lumilean.io\/de\/wp-json\/wp\/v2\/types\/page"}],"author":[{"embeddable":true,"href":"https:\/\/lumilean.io\/de\/wp-json\/wp\/v2\/users\/1"}],"replies":[{"embeddable":true,"href":"https:\/\/lumilean.io\/de\/wp-json\/wp\/v2\/comments?post=1948"}],"version-history":[{"count":20,"href":"https:\/\/lumilean.io\/de\/wp-json\/wp\/v2\/pages\/1948\/revisions"}],"predecessor-version":[{"id":3029046,"href":"https:\/\/lumilean.io\/de\/wp-json\/wp\/v2\/pages\/1948\/revisions\/3029046"}],"wp:attachment":[{"href":"https:\/\/lumilean.io\/de\/wp-json\/wp\/v2\/media?parent=1948"}],"curies":[{"name":"wp","href":"https:\/\/api.w.org\/{rel}","templated":true}]}}