{"id":1947,"date":"2024-04-23T09:21:59","date_gmt":"2024-04-23T09:21:59","guid":{"rendered":"https:\/\/lumilean.io\/terms-and-conditions\/"},"modified":"2026-01-09T11:28:16","modified_gmt":"2026-01-09T11:28:16","slug":"terms-and-conditions","status":"publish","type":"page","link":"https:\/\/lumilean.io\/fr\/terms-and-conditions\/","title":{"rendered":"Conditions g\u00e9n\u00e9rales d&rsquo;utilisation"},"content":{"rendered":"\t\t<div data-elementor-type=\"wp-page\" data-elementor-id=\"1947\" class=\"elementor elementor-1947 elementor-1879\" data-elementor-post-type=\"page\">\n\t\t\t\t<div class=\"elementor-element elementor-element-1d9106c1 e-con-full e-flex e-con e-parent\" data-id=\"1d9106c1\" data-element_type=\"container\">\n\t\t<div class=\"elementor-element elementor-element-7a7a0e2 innertop-banner-sctn e-flex e-con-boxed e-con e-child\" data-id=\"7a7a0e2\" data-element_type=\"container\" data-settings=\"{&quot;background_background&quot;:&quot;gradient&quot;}\">\n\t\t\t\t\t<div class=\"e-con-inner\">\n\t\t<div class=\"elementor-element elementor-element-e0a7e8b e-con-full e-flex e-con e-child\" data-id=\"e0a7e8b\" data-element_type=\"container\">\n\t\t\t\t<div class=\"elementor-element elementor-element-8ec0b82 elementor-widget elementor-widget-heading\" data-id=\"8ec0b82\" data-element_type=\"widget\" data-widget_type=\"heading.default\">\n\t\t\t\t<div class=\"elementor-widget-container\">\n\t\t\t\t\t<h1 class=\"elementor-heading-title elementor-size-default\">Conditions g\u00e9n\u00e9rales d'utilisation<\/h1>\t\t\t\t<\/div>\n\t\t\t\t<\/div>\n\t\t\t\t<\/div>\n\t\t\t\t\t<\/div>\n\t\t\t\t<\/div>\n\t\t\t\t<\/div>\n\t\t<div class=\"elementor-element elementor-element-15bf3a4 e-flex e-con-boxed e-con e-parent\" data-id=\"15bf3a4\" data-element_type=\"container\">\n\t\t\t\t\t<div class=\"e-con-inner\">\n\t\t\t\t<div class=\"elementor-element elementor-element-b43dbf0 gernal-content elementor-widget elementor-widget-text-editor\" data-id=\"b43dbf0\" data-element_type=\"widget\" data-widget_type=\"text-editor.default\">\n\t\t\t\t<div class=\"elementor-widget-container\">\n\t\t\t\t\t\t\t\t\t<h3 class=\"wp-block-heading\">1 Contractual partner<\/h3>\n<p data-prosemirror-content-type=\"node\" data-prosemirror-node-name=\"paragraph\" data-prosemirror-node-block=\"true\" data-pm-slice=\"1 1 []\">FitSmart B.V.<br data-prosemirror-content-type=\"node\" data-prosemirror-node-name=\"hardBreak\" data-prosemirror-node-inline=\"true\" \/>Stadhouderskade 5<br data-prosemirror-content-type=\"node\" data-prosemirror-node-name=\"hardBreak\" data-prosemirror-node-inline=\"true\" \/>1054 ES Amsterdam<br data-prosemirror-content-type=\"node\" data-prosemirror-node-name=\"hardBreak\" data-prosemirror-node-inline=\"true\" \/>The Netherlands<\/p>\nAppel\u00e9 partenaire contractuel dans le texte suivant.\n<h3 class=\"wp-block-heading\">2 G\u00e9n\u00e9ralit\u00e9s, champ d&rsquo;application<\/h3>\nTous les services fournis par le partenaire contractuel au client sont ex\u00e9cut\u00e9s sur le site\nexclusivement sur la base des conditions g\u00e9n\u00e9rales suivantes. Les dispositions divergentes ne s&rsquo;appliquent que dans la mesure o\u00f9 elles ont \u00e9t\u00e9 convenues entre le partenaire contractuel et le client ou qu&rsquo;elles sont express\u00e9ment mentionn\u00e9es dans les pr\u00e9sentes conditions g\u00e9n\u00e9rales.\n<h3 class=\"wp-block-heading\">3 Paiement, \u00e9ch\u00e9ance, d\u00e9faut de paiement<\/h3>\n<ol>\n \t<li>Le paiement des marchandises peut \u00eatre effectu\u00e9 par carte de cr\u00e9dit ou PayPal,\nVirement bancaire imm\u00e9diat ou sur facture. Le partenaire contractuel se r\u00e9serve le droit de\nd&rsquo;accepter ou d&rsquo;exclure certains modes de paiement dans des cas particuliers.<\/li>\n \t<li>En cas de paiement par Paypal, le client s&rsquo;engage \u00e0 payer le prix d&rsquo;achat apr\u00e8s\nconclusion du contrat sans d\u00e9lai.<\/li>\n \t<li>Si le client est en retard de paiement, il a droit \u00e0 toute\nn\u00e9gligence. Il est \u00e9galement responsable de la co\u00efncidence due au service, \u00e0 moins que,\nque le dommage se serait produit m\u00eame si le paiement avait \u00e9t\u00e9 effectu\u00e9 \u00e0 temps.<\/li>\n \t<li>Le prix d&rsquo;achat porte int\u00e9r\u00eat pendant la p\u00e9riode de d\u00e9faillance. Le taux d&rsquo;int\u00e9r\u00eat par d\u00e9faut est de\ncinq points de pourcentage au-dessus du taux d&rsquo;int\u00e9r\u00eat de base de l&rsquo;ann\u00e9e. Pour les op\u00e9rations juridiques concernant\ndans lesquelles un consommateur n&rsquo;est pas impliqu\u00e9, le taux d&rsquo;int\u00e9r\u00eat est de huit points de pourcentage au-dessus de\nle taux d&rsquo;int\u00e9r\u00eat de base.<\/li>\n \t<li>Il n&rsquo;est pas exclu de demander des dommages et int\u00e9r\u00eats suppl\u00e9mentaires.<\/li>\n<\/ol>\n<h3 class=\"wp-block-heading\">4 Livraison<\/h3>\n<ol>\n \t<li>La livraison est effectu\u00e9e par l&rsquo;envoi des marchandises \u00e0 l&rsquo;adresse indiqu\u00e9e par le client.\nAdresse. Le d\u00e9lai de livraison est g\u00e9n\u00e9ralement de 3 \u00e0 5 jours ouvrables apr\u00e8s r\u00e9ception de la commande.\nprix d&rsquo;achat. Ces informations ne sont pas contraignantes, sauf accord contraire.<\/li>\n \t<li>La livraison sera effectu\u00e9e contre les frais d&#8217;emballage et d&rsquo;exp\u00e9dition\n. Pour les livraisons \u00e0 l&rsquo;\u00e9tranger, sauf accord contraire\n, le prix de l&#8217;emballage et de l&rsquo;exp\u00e9dition est indiqu\u00e9 s\u00e9par\u00e9ment en fonction du poids.\ncalcul\u00e9. Si le client demande un type d&rsquo;envoi sp\u00e9cial qui n\u00e9cessite des frais plus \u00e9lev\u00e9s\n, il doit \u00e9galement supporter ces frais suppl\u00e9mentaires.<\/li>\n<\/ol>\n<h3 class=\"wp-block-heading\">5 R\u00e9serve de propri\u00e9t\u00e9<\/h3>\nLa marchandise reste la propri\u00e9t\u00e9 du partenaire contractuel jusqu&rsquo;au paiement int\u00e9gral.\nLa mise en gage, le transfert de propri\u00e9t\u00e9 \u00e0 titre de garantie, la transformation, le transfert de propri\u00e9t\u00e9\nou le remaniement sans l&rsquo;accord expr\u00e8s du partenaire contractuel.\nautoris\u00e9s.\n<h3 class=\"wp-block-heading\">6 Prix<\/h3>\n<ol>\n \t<li>Le prix indiqu\u00e9 pour nos marchandises est le prix final,\n, y compris la TVA applicable et les autres \u00e9l\u00e9ments du prix. Le prix\nne comprend pas les frais de livraison et d&rsquo;exp\u00e9dition.<\/li>\n \t<li>Avec la mise \u00e0 jour des pages Internet du partenaire contractuel, tous les prix pr\u00e9c\u00e9dents de\net les autres informations sur les marchandises sont invalides.<\/li>\n \t<li>Le prix au moment de l&rsquo;\u00e9mission de la facture est d\u00e9terminant pour la facturation.\nOffre du client.<\/li>\n<\/ol>\n<h3 class=\"wp-block-heading\">7 Droit de r\u00e9vocation<\/h3>\n<ol>\n \t<li>Le partenaire contractuel est \u00e9galement en droit de r\u00e9silier le contrat pour une partie\nde la livraison ou de la prestation qui n&rsquo;a pas \u00e9t\u00e9 pay\u00e9e, si de fausses informations ont \u00e9t\u00e9 fournies sur la livraison ou la prestation.\nLe partenaire contractuel est \u00e9galement en droit de r\u00e9silier le contrat en ce qui concerne une partie impay\u00e9e de la livraison ou de la prestation si de fausses informations sur la livraison ou la prestation ont \u00e9t\u00e9 fournies.\nla solvabilit\u00e9 du client a \u00e9t\u00e9 \u00e9tablie ou des raisons objectives concernant la capacit\u00e9 de paiement du client et que le client, \u00e0 la demande du\npartenaire contractuel, n&rsquo;effectue pas de paiement anticip\u00e9 ou ne fournit pas de garantie appropri\u00e9e\nou si une proc\u00e9dure d&rsquo;insolvabilit\u00e9 est ouverte \u00e0 l&rsquo;encontre des actifs du client.\nou si une demande d&rsquo;ouverture d&rsquo;une proc\u00e9dure d&rsquo;insolvabilit\u00e9 a \u00e9t\u00e9 d\u00e9pos\u00e9e en raison d&rsquo;un manque d&rsquo;actifs\npour couvrir les co\u00fbts.<\/li>\n \t<li>Ind\u00e9pendamment des droits \u00e0 dommages et int\u00e9r\u00eats du partenaire contractuel, en cas de retrait partiel de\n, les prestations partielles d\u00e9j\u00e0 fournies sont factur\u00e9es et pay\u00e9es conform\u00e9ment au contrat.\npay.<\/li>\n<\/ol>\nPolitique d&rsquo;annulation\nVous avez le droit de r\u00e9silier le pr\u00e9sent contrat dans les quatorze jours sans donner de raison.\nde r\u00e9voquer.\nLe d\u00e9lai de r\u00e9tractation est de quatorze jours :\n<ol>\n \t<li>Dans le cas d&rsquo;un contrat d&rsquo;achat, \u00e0 compter du jour o\u00f9 vous ou l&rsquo;un de vous\ntiers d\u00e9sign\u00e9 qui n&rsquo;est pas le transporteur a pris possession des marchandises\navez ou a.<\/li>\n \t<li>Dans le cas d&rsquo;un contrat portant sur plusieurs biens qui doivent \u00eatre livr\u00e9s dans le cadre d&rsquo;une\ncommande unique et qui sont livr\u00e9s s\u00e9par\u00e9ment \u00e0 partir de\n, le jour o\u00f9 vous ou un tiers d\u00e9sign\u00e9 par vous, qui n&rsquo;est pas le transporteur\n, avez pris possession des derniers biens.<\/li>\n \t<li>Dans le cas d&rsquo;un contrat de livraison r\u00e9guli\u00e8re de marchandises par l&rsquo;interm\u00e9diaire d&rsquo;un\nd\u00e9lai \u00e0 compter du jour o\u00f9 vous ou l&rsquo;un de vos\ntiers autoris\u00e9 nomm\u00e9, qui n&rsquo;est pas le transporteur, prend possession des premi\u00e8res marchandises.\nont pris ou ont pris.<\/li>\n<\/ol>\nPour exercer votre droit de r\u00e9tractation, vous devez informer le partenaire contractuel au moyen d&rsquo;une\nd\u00e9claration claire (par exemple, une lettre envoy\u00e9e par la poste ou par courrier \u00e9lectronique) de votre\nd\u00e9cision de vous r\u00e9tracter du pr\u00e9sent contrat. Veuillez remplir le\nformulaire de r\u00e9tractation suivant, le faire signer et nous l&rsquo;envoyer par e-mail\n\u00e0 venir :\n\n&#8211; Mod\u00e8le de formulaire de r\u00e9tractation d\u00e9but &#8211;\n\nR\u00e9vocation\n\nPar la pr\u00e9sente, je r\u00e9voque\/nous r\u00e9voquons (*) le contrat conclu par moi\/nous (*) pour\nl&rsquo;achat des biens (*)\/la fourniture du service (*) suivants :\n__________________________\n____________________________________________________\n____________________________________________________\n\nNum\u00e9ro de commande \/ Commande : ___________________________________\nCommand\u00e9 le (*)\/re\u00e7u le (*) :\n__________________________________________\nNom du\/des consommateur(s) :\n__________________________________________\nAdresse du\/des consommateur(s) :\n__________________________________________\n________________________________________\nSignature du\/des consommateur(s)\n\nDate : __________________________________\n\n(*) Biffer les mentions inutiles.\n\n&#8211; Mod\u00e8le de formulaire de r\u00e9tractation Fin-\n\nPour respecter le d\u00e9lai de r\u00e9tractation, il suffit que vous envoyiez votre notification d&rsquo;exercice du droit de r\u00e9tractation avant l&rsquo;expiration du d\u00e9lai de r\u00e9tractation.\n<h3 class=\"wp-block-heading\">Cons\u00e9quences de la r\u00e9vocation<\/h3>\nEn cas de r\u00e9tractation de votre part du pr\u00e9sent contrat, nous vous rembourserons tous les paiements que nous avons re\u00e7us de vous.\ny compris les frais de livraison (\u00e0 l&rsquo;exception des frais suppl\u00e9mentaires,\nd\u00e9coulant du fait que vous avez choisi un autre type de livraison que celui que nous\navons propos\u00e9, la livraison standard la plus avantageuse), sans retard excessif et au plus tard\ndans les quatorze jours \u00e0 compter du jour o\u00f9 vous recevez la notification de votre\nr\u00e9tractation du pr\u00e9sent contrat a \u00e9t\u00e9 re\u00e7ue par nous. Pour ce remboursement, utilisez\nle m\u00eame moyen de paiement que celui que vous avez utilis\u00e9 pour la transaction initiale.\n\nDans ce cas, des frais vous seront factur\u00e9s pour ce remboursement\nNous pouvons refuser d&rsquo;effectuer un remboursement jusqu&rsquo;\u00e0 ce que nous ayons re\u00e7u les biens en retour\nou jusqu&rsquo;\u00e0 ce que vous ayez fourni la preuve que vous avez renvoy\u00e9 les biens.\nen fonction de l&rsquo;instant ant\u00e9rieur.\nVous devez renvoyer la marchandise imm\u00e9diatement et dans tous les cas dans un d\u00e9lai de quatorze\njours \u00e0 compter de la date \u00e0 laquelle vous nous avez inform\u00e9s de la r\u00e9siliation du pr\u00e9sent contrat pour\nla renvoyer ou la remettre au partenaire contractuel. Le d\u00e9lai est respect\u00e9 si\nvous envoyez la marchandise avant l&rsquo;expiration du d\u00e9lai de quatorze jours.\nLes retours ne sont accept\u00e9s que si la marchandise est renvoy\u00e9e franco de port\nen indiquant le nom, l&rsquo;adresse, le num\u00e9ro de t\u00e9l\u00e9phone et le num\u00e9ro de commande.\nVous ne devez payer la perte de valeur de la marchandise que si cette\nperte de valeur \u00e0 un pour l&rsquo;examen de l&rsquo;\u00e9tat, des propri\u00e9t\u00e9s et de\nla fonctionnalit\u00e9 de la marchandise n&rsquo;est pas n\u00e9cessaire pour la manipulation avec eux.\n<h3 class=\"wp-block-heading\">Exclusion du droit de r\u00e9tractation<\/h3>\nLes commandes de biens scell\u00e9s, par exemple de compl\u00e9ments alimentaires, qui\nne peuvent \u00eatre renvoy\u00e9s pour des raisons de protection de la sant\u00e9 ou d&rsquo;hygi\u00e8ne\nsi leur scell\u00e9 a \u00e9t\u00e9 retir\u00e9 apr\u00e8s la livraison ou de biens qui\nne sont pas pr\u00e9fabriqu\u00e9s et pour la production desquels une s\u00e9lection individuelle ou\nle consommateur est d\u00e9terminant ou qui font clairement r\u00e9f\u00e9rence aux besoins personnels du consommateur\nsont adapt\u00e9s aux besoins personnels du consommateur ou de biens qui\nse g\u00e2tent rapidement ou dont la date de p\u00e9remption serait rapidement d\u00e9pass\u00e9e,\nne peuvent pas \u00eatre r\u00e9voqu\u00e9es.\n&#8211; Fin de la politique de r\u00e9tractation &#8211;\n<h3 class=\"wp-block-heading\">8 Garantie<\/h3>\n<ol>\n \t<li>Si la chose est d\u00e9fectueuse, le client a le droit d&rsquo;exiger, \u00e0 titre d&rsquo;ex\u00e9cution ult\u00e9rieure selon son choix\n, la r\u00e9paration du d\u00e9faut ou la livraison d&rsquo;une chose exempte de d\u00e9faut\n. Le partenaire contractuel peut choisir le type d&rsquo;ex\u00e9cution ult\u00e9rieure choisi par le client.\nsi cela n&rsquo;est possible qu&rsquo;\u00e0 un co\u00fbt disproportionn\u00e9. Les \u00e9l\u00e9ments \u00e0 prendre en compte sont notamment\nla valeur de la chose en l&rsquo;\u00e9tat, l&rsquo;importance du d\u00e9faut\net la question de savoir si l&rsquo;autre type d&rsquo;ex\u00e9cution ult\u00e9rieure peut \u00eatre\nutilis\u00e9 sans inconv\u00e9nient majeur pour l&rsquo;acheteur. Le droit\ndu client se limite dans ce cas \u00e0 l&rsquo;autre type d&rsquo;ex\u00e9cution ult\u00e9rieure ; le droit\ndu partenaire contractuel de l&rsquo;exiger \u00e9galement dans les conditions de la phrase 1\nLe droit de refuser l&rsquo;utilisation de la marchandise n&rsquo;est pas affect\u00e9.<\/li>\n \t<li>Si la marchandise a d\u00e9j\u00e0 \u00e9t\u00e9 utilis\u00e9e, l&rsquo;usure ou\nl&rsquo;utilisation inappropri\u00e9e de la marchandise apr\u00e8s le retour, une r\u00e9duction de valeur a \u00e9t\u00e9 constat\u00e9e.\nqui est compens\u00e9e par un remboursement du prix d&rsquo;achat.<\/li>\n \t<li>Si l&rsquo;achat est une transaction commerciale pour les deux parties, le client doit\nimm\u00e9diatement apr\u00e8s la livraison, dans la mesure o\u00f9 cela est possible dans le cours normal des affaires.\nest possible. Si un d\u00e9faut se manifeste, il doit nous en faire part imm\u00e9diatement \u00e0 l&rsquo;adresse\n. Si le client omet de nous le signaler, la marchandise est r\u00e9put\u00e9e approuv\u00e9e\n, \u00e0 moins qu&rsquo;il ne s&rsquo;agisse d&rsquo;un d\u00e9faut qui n&rsquo;a pas \u00e9t\u00e9 examin\u00e9\net qui n&rsquo;\u00e9tait pas reconnaissable. Si un tel d\u00e9faut appara\u00eet ult\u00e9rieurement, la r\u00e9clamation\ndoit \u00eatre faite imm\u00e9diatement apr\u00e8s sa d\u00e9couverte, faute de quoi la marchandise est r\u00e9put\u00e9e approuv\u00e9e en raison de ce d\u00e9faut.\nest \u00e9galement r\u00e9put\u00e9e approuv\u00e9e en raison de ce d\u00e9faut. Ces dispositions ne s&rsquo;appliquent pas,\nsi le d\u00e9faut a \u00e9t\u00e9 frauduleusement dissimul\u00e9. Pour pr\u00e9server les droits du client\n, l&rsquo;envoi en temps utile de la notification est suffisant.<\/li>\n \t<li>Si le partenaire contractuel livre une marchandise exempte de d\u00e9faut en vue d&rsquo;une ex\u00e9cution ult\u00e9rieure,\nil peut exiger du client la restitution de la marchandise d\u00e9fectueuse.<\/li>\n \t<li>Les dommages caus\u00e9s par des mesures inappropri\u00e9es ou non contractuelles prises par le client,\nlors de l&rsquo;installation, du raccordement, de l&rsquo;exploitation ou du stockage,\nne constituent pas un droit \u00e0 l&rsquo;encontre du partenaire contractuel. L&rsquo;inad\u00e9quation et\nLe d\u00e9faut de conformit\u00e9 est d\u00e9termin\u00e9 notamment par les informations fournies par le fabricant des\nbiens livr\u00e9s.<\/li>\n<\/ol>\n<h3 class=\"wp-block-heading\">9 Limitation de la responsabilit\u00e9<\/h3>\n<ol>\n \t<li>Pour les pr\u00e9tentions autres que celles r\u00e9sultant d&rsquo;une atteinte \u00e0 la vie, \u00e0 l&rsquo;int\u00e9grit\u00e9 physique ou \u00e0 la sant\u00e9\nLe partenaire contractuel n&rsquo;est responsable des dommages que dans la mesure o\u00f9 ces dommages sont dus \u00e0 une violation intentionnelle ou\n\u00e0 une n\u00e9gligence grave ou \u00e0 une violation fautive d&rsquo;une obligation contractuelle essentielle.\nobligation contractuelle par le partenaire contractuel ou ses auxiliaires d&rsquo;ex\u00e9cution. Une\nToute autre responsabilit\u00e9 en mati\u00e8re de dommages et int\u00e9r\u00eats est exclue. Le\nLes dispositions de la loi sur la responsabilit\u00e9 du fait des produits ne sont pas affect\u00e9es par la pr\u00e9sente.<\/li>\n \t<li>En l&rsquo;\u00e9tat actuel de la technique, la communication de donn\u00e9es via l&rsquo;Internet\nne peut \u00eatre garantie sans erreur et\/ou disponible \u00e0 tout moment. Le\nLe partenaire contractuel n&rsquo;est donc pas responsable de la disponibilit\u00e9 de la boutique en ligne \u00e0 tout moment.<\/li>\n<\/ol>\n<h3 class=\"wp-block-heading\">10 Protection des donn\u00e9es<\/h3>\nToutes les donn\u00e9es personnelles n\u00e9cessaires \u00e0 l&rsquo;ex\u00e9cution de la commande sont stock\u00e9es dans\nsous une forme lisible par machine et trait\u00e9es de mani\u00e8re confidentielle. Les donn\u00e9es n\u00e9cessaires au traitement\ndes donn\u00e9es n\u00e9cessaires \u00e0 une commande, telles que le nom et l&rsquo;adresse, sont stock\u00e9es sur le site\nEx\u00e9cution de la livraison \u00e0 la partie charg\u00e9e de livrer les marchandises\net transmises \u00e0 l&rsquo;entreprise.\n<h3 class=\"wp-block-heading\">11 Lieu de juridiction<\/h3>\nLes parties contractantes conviennent de l&rsquo;application du droit n\u00e9erlandais.\nLe lieu de juridiction pour les litiges d\u00e9coulant du contrat est Amsterdam\nconvenu.\n<h3 class=\"wp-block-heading\">12 Clause de divisibilit\u00e9<\/h3>\nSi l&rsquo;une des dispositions des pr\u00e9sentes CGV est ou devient invalide ou inapplicable,\nles autres dispositions des pr\u00e9sentes CGV n&rsquo;en seront pas affect\u00e9es.\n<h3 class=\"wp-block-heading\">13 R\u00e9siliation du contrat<\/h3>\nEn cas de r\u00e9tractation justifi\u00e9e du contrat par un consommateur, un\nremboursement du contrat d&rsquo;achat ne peut se faire que pas \u00e0 pas contre restitution des biens livr\u00e9s par le\nbiens re\u00e7us par l&rsquo;acheteur.\nLa condition est que les marchandises soient dans leur emballage d&rsquo;origine, qu&rsquo;elles ne soient pas endommag\u00e9es et que la facture d&rsquo;origine soit jointe. Dans le cas d&rsquo;articles dont\nles signes d&rsquo;utilisation sont alt\u00e9r\u00e9s ou dont l&#8217;emballage est endommag\u00e9, une compensation appropri\u00e9e de la moins-value est accord\u00e9e par\n. Les frais de\nretour sont \u00e0 la charge de l&rsquo;acheteur.\nKlarna\nEn coop\u00e9ration avec \u00a0<a href=\"https:\/\/www.klarna.com\/de\/\">Klarna Bank AB (publ<\/a>), Sveav\u00e4gen 46, 111 34 Stockholm,\nSu\u00e8de, nous vous proposons les options de paiement suivantes. Le paiement est effectu\u00e9 dans tous les cas \u00e0 l&rsquo;adresse\n\u00e0 Klarna :\n<ul>\n \t<li>Facture : Le d\u00e9lai de paiement est de [14] jours \u00e0 compter de l&rsquo;exp\u00e9dition des marchandises\/billet\/\nou, dans le cas d&rsquo;autres services, de la fourniture du service\n. Vous trouverez ici les conditions de facturation compl\u00e8tes pour les pays de\no\u00f9 ce mode de paiement est disponible : Allemagne, Autriche.<\/li>\n \t<li>Achat \u00e0 temp\u00e9rament : Avec le service de financement de Klarna, vous pouvez payer votre achat en plusieurs fois.\nmensualit\u00e9s fixes ou flexibles aux taux sp\u00e9cifi\u00e9s dans la caisse.\nConditions de paiement. Le paiement \u00e9chelonn\u00e9 est d\u00fb \u00e0 la fin du mois suivant\nLe paiement est d\u00fb lorsqu&rsquo;une facture mensuelle est envoy\u00e9e par Klarna. Vous trouverez ici de plus amples informations\nsur les achats \u00e0 temp\u00e9rament, y compris les conditions g\u00e9n\u00e9rales et les informations standard europ\u00e9ennes sur le cr\u00e9dit \u00e0 la consommation\npour les pays\no\u00f9 ce mode de paiement est disponible (uniquement dans les pays sp\u00e9cifi\u00e9s\ndisponibles) : Allemagne, Autriche.<\/li>\n \t<li>Paiement direct : Disponible en Allemagne et en Autriche. La charge sur votre compte\nimm\u00e9diatement apr\u00e8s avoir pass\u00e9 la commande.<\/li>\n \t<li>Pr\u00e9l\u00e8vement automatique : Le montant sera d\u00e9bit\u00e9 apr\u00e8s l&rsquo;exp\u00e9dition des marchandises. L&rsquo;heure sera\nVous serez inform\u00e9 par e-mail. Pour plus d&rsquo;informations, cliquez ici.<\/li>\n \t<li>Carte de cr\u00e9dit (Visa\/Mastercard) : Disponible en Allemagne. Le d\u00e9bit est effectu\u00e9 sur\napr\u00e8s l&rsquo;envoi des marchandises ou des billets \/ la mise \u00e0 disposition du service ou dans le cas de\nd&rsquo;un abonnement selon les d\u00e9lais communiqu\u00e9s.<\/li>\n<\/ul>\nL&rsquo;utilisation des modes de paiement facture, achat \u00e0 temp\u00e9rament et d\u00e9bit direct n\u00e9cessite une v\u00e9rification de cr\u00e9dit positive\n. \u00c0 cet \u00e9gard, nous transmettons vos donn\u00e9es dans le cadre de l&rsquo;initiation de l&rsquo;achat\net du traitement du contrat d&rsquo;achat \u00e0 Klarna \u00e0 des fins d&rsquo;adressage et\nLa v\u00e9rification de la solvabilit\u00e9 se poursuit. Veuillez comprendre que nous ne pouvons vous offrir que les\nmodes de paiement autoris\u00e9s sur la base des r\u00e9sultats de la v\u00e9rification de solvabilit\u00e9.\nsont. Vous trouverez de plus amples informations et les conditions d&rsquo;utilisation de Klarna ici.\nVous trouverez des informations g\u00e9n\u00e9rales sur Klarna ici. Vos donn\u00e9es personnelles seront\npar Klarna conform\u00e9ment aux r\u00e9glementations applicables en mati\u00e8re de protection des donn\u00e9es et\ntrait\u00e9es conform\u00e9ment aux informations contenues dans la politique de confidentialit\u00e9 de Klarna.\t\t\t\t\t\t\t\t<\/div>\n\t\t\t\t<\/div>\n\t\t\t\t\t<\/div>\n\t\t\t\t<\/div>\n\t\t\t\t<\/div>\n\t\t","protected":false},"excerpt":{"rendered":"<p>Conditions g\u00e9n\u00e9rales d&rsquo;utilisation 1 Contractual partner FitSmart B.V.Stadhouderskade 51054 ES AmsterdamThe Netherlands Appel\u00e9 partenaire contractuel dans le texte suivant. 2 G\u00e9n\u00e9ralit\u00e9s, champ d&rsquo;application Tous les services fournis par le partenaire contractuel au client sont ex\u00e9cut\u00e9s sur le site exclusivement sur la base des conditions g\u00e9n\u00e9rales suivantes. Les dispositions divergentes ne s&rsquo;appliquent que dans la mesure [&hellip;]<\/p>\n","protected":false},"author":1,"featured_media":0,"parent":0,"menu_order":0,"comment_status":"closed","ping_status":"closed","template":"elementor_header_footer","meta":{"_acf_changed":false,"bwfblock_default_font":"","inline_featured_image":false,"footnotes":""},"class_list":["post-1947","page","type-page","status-publish","hentry"],"acf":[],"_links":{"self":[{"href":"https:\/\/lumilean.io\/fr\/wp-json\/wp\/v2\/pages\/1947","targetHints":{"allow":["GET"]}}],"collection":[{"href":"https:\/\/lumilean.io\/fr\/wp-json\/wp\/v2\/pages"}],"about":[{"href":"https:\/\/lumilean.io\/fr\/wp-json\/wp\/v2\/types\/page"}],"author":[{"embeddable":true,"href":"https:\/\/lumilean.io\/fr\/wp-json\/wp\/v2\/users\/1"}],"replies":[{"embeddable":true,"href":"https:\/\/lumilean.io\/fr\/wp-json\/wp\/v2\/comments?post=1947"}],"version-history":[{"count":17,"href":"https:\/\/lumilean.io\/fr\/wp-json\/wp\/v2\/pages\/1947\/revisions"}],"predecessor-version":[{"id":3029043,"href":"https:\/\/lumilean.io\/fr\/wp-json\/wp\/v2\/pages\/1947\/revisions\/3029043"}],"wp:attachment":[{"href":"https:\/\/lumilean.io\/fr\/wp-json\/wp\/v2\/media?parent=1947"}],"curies":[{"name":"wp","href":"https:\/\/api.w.org\/{rel}","templated":true}]}}