{"id":1965,"date":"2024-04-23T09:48:45","date_gmt":"2024-04-23T09:48:45","guid":{"rendered":"https:\/\/lumilean.io\/privacy-policy\/"},"modified":"2026-01-09T11:36:46","modified_gmt":"2026-01-09T11:36:46","slug":"privacy-policy","status":"publish","type":"page","link":"https:\/\/lumilean.io\/fr\/privacy-policy\/","title":{"rendered":"Politique de confidentialit\u00e9"},"content":{"rendered":"\t\t<div data-elementor-type=\"wp-page\" data-elementor-id=\"1965\" class=\"elementor elementor-1965 elementor-1913\" data-elementor-post-type=\"page\">\n\t\t\t\t<div class=\"elementor-element elementor-element-facf8aa e-con-full e-flex e-con e-parent\" data-id=\"facf8aa\" data-element_type=\"container\">\n\t\t<div class=\"elementor-element elementor-element-d5f2f3e innertop-banner-sctn e-flex e-con-boxed e-con e-child\" data-id=\"d5f2f3e\" data-element_type=\"container\" data-settings=\"{&quot;background_background&quot;:&quot;gradient&quot;}\">\n\t\t\t\t\t<div class=\"e-con-inner\">\n\t\t<div class=\"elementor-element elementor-element-effe098 e-con-full e-flex e-con e-child\" data-id=\"effe098\" data-element_type=\"container\">\n\t\t\t\t<div class=\"elementor-element elementor-element-5bf23cc elementor-widget elementor-widget-heading\" data-id=\"5bf23cc\" data-element_type=\"widget\" data-widget_type=\"heading.default\">\n\t\t\t\t<div class=\"elementor-widget-container\">\n\t\t\t\t\t<h1 class=\"elementor-heading-title elementor-size-default\">Politique de confidentialit\u00e9<\/h1>\t\t\t\t<\/div>\n\t\t\t\t<\/div>\n\t\t\t\t<\/div>\n\t\t\t\t\t<\/div>\n\t\t\t\t<\/div>\n\t\t\t\t<\/div>\n\t\t<div class=\"elementor-element elementor-element-27a8830 e-flex e-con-boxed e-con e-parent\" data-id=\"27a8830\" data-element_type=\"container\">\n\t\t\t\t\t<div class=\"e-con-inner\">\n\t\t\t\t<div class=\"elementor-element elementor-element-10db339 gernal-content elementor-widget elementor-widget-text-editor\" data-id=\"10db339\" data-element_type=\"widget\" data-widget_type=\"text-editor.default\">\n\t\t\t\t<div class=\"elementor-widget-container\">\n\t\t\t\t\t\t\t\t\tL&rsquo;organisme responsable au sens des lois sur la protection des donn\u00e9es, en particulier le R\u00e8glement g\u00e9n\u00e9ral sur la protection des donn\u00e9es (RGPD) de l&rsquo;UE, est le suivant\n<p data-prosemirror-content-type=\"node\" data-prosemirror-node-name=\"paragraph\" data-prosemirror-node-block=\"true\" data-pm-slice=\"1 1 []\">FitSmart B.V.<br data-prosemirror-content-type=\"node\" data-prosemirror-node-name=\"hardBreak\" data-prosemirror-node-inline=\"true\" \/>Stadhouderskade 5<br data-prosemirror-content-type=\"node\" data-prosemirror-node-name=\"hardBreak\" data-prosemirror-node-inline=\"true\" \/>1054 ES Amsterdam<br data-prosemirror-content-type=\"node\" data-prosemirror-node-name=\"hardBreak\" data-prosemirror-node-inline=\"true\" \/>The Netherlands<\/p>\nCourrier : <a href=\"mailto:mail@lumilean.io\">mail@lumilean.io<\/a>\n\nVos droits en tant que personne concern\u00e9e\nVous pouvez exercer les droits suivants \u00e0 tout moment en utilisant les coordonn\u00e9es fournies :\n<ul>\n \t<li>Informations sur vos donn\u00e9es stock\u00e9es par nous et leur traitement,<\/li>\n \t<li>Correction des donn\u00e9es personnelles incorrectes,<\/li>\n \t<li>Suppression de vos donn\u00e9es stock\u00e9es par nous,<\/li>\n \t<li>Restriction du traitement des donn\u00e9es, dans la mesure o\u00f9 nous traitons vos donn\u00e9es en raison de\nqui n&rsquo;ont pas encore \u00e9t\u00e9 effac\u00e9es en raison d&rsquo;obligations l\u00e9gales,<\/li>\n \t<li data-wpmeteor-wheel=\"true\">Objection au traitement de vos donn\u00e9es par nos soins et<\/li>\n \t<li>La portabilit\u00e9 des donn\u00e9es, si vous avez consenti au traitement des donn\u00e9es\nou si vous avez conclu un contrat avec nous.<\/li>\n<\/ul>\nSi vous nous avez donn\u00e9 votre consentement, vous pouvez le r\u00e9voquer \u00e0 tout moment avec effet pour l&rsquo;avenir.\npour l&rsquo;avenir.\n\nVous pouvez \u00e0 tout moment d\u00e9poser une plainte aupr\u00e8s de la personne responsable.\nautorit\u00e9 de contr\u00f4le. L&rsquo;autorit\u00e9 de contr\u00f4le comp\u00e9tente est celle de l&rsquo;\u00c9tat\ndans lequel vous r\u00e9sidez, travaillez ou \u00eates soup\u00e7onn\u00e9 d&rsquo;avoir subi un pr\u00e9judice. Vous trouverez une liste des autorit\u00e9s de contr\u00f4le (pour le secteur non public) avec les adresses\nsous\n:\n<a href=\"https:\/\/www.bfdi.bund.de\/DE\/Infothek\/Anschriften_Links\/anschriften_links-node.html.\">https:\/\/www.bfdi.bund.de\/DE\/Infothek\/Anschriften_Links\/anschriften_links-node.html.<\/a>\nFinalit\u00e9s du traitement des donn\u00e9es par le responsable du traitement et les tiers\nNous traitons vos donn\u00e9es \u00e0 caract\u00e8re personnel uniquement aux fins d\u00e9crites dans la pr\u00e9sente\nfinalit\u00e9 mentionn\u00e9e dans la politique de confidentialit\u00e9. Transmission de vos donn\u00e9es personnelles\n\u00e0 des tiers \u00e0 des fins autres que celles mentionn\u00e9es. Nous ne transmettons vos donn\u00e9es personnelles\n\u00e0 des tiers que si :\n<ul>\n \t<li>vous avez donn\u00e9 votre consentement explicite,<\/li>\n \t<li>le traitement est n\u00e9cessaire \u00e0 l&rsquo;ex\u00e9cution d&rsquo;un contrat avec vous,<\/li>\n \t<li>le traitement est n\u00e9cessaire au respect d&rsquo;une obligation l\u00e9gale, le traitement est n\u00e9cessaire aux fins des int\u00e9r\u00eats l\u00e9gitimes poursuivis par le responsable du traitement et il n&rsquo;y a aucune raison de penser que vous avez un int\u00e9r\u00eat l\u00e9gitime sup\u00e9rieur au traitement.\nde ne pas divulguer vos donn\u00e9es.<\/li>\n<\/ul>\n<h3><strong>Suppression ou blocage des donn\u00e9es<\/strong><\/h3>\nNous adh\u00e9rons aux principes d&rsquo;\u00e9vitement et d&rsquo;\u00e9conomie des donn\u00e9es. C&rsquo;est pourquoi nous ne conservons vos donn\u00e9es personnelles que pendant la dur\u00e9e n\u00e9cessaire \u00e0 la r\u00e9alisation des objectifs \u00e9nonc\u00e9s ici ou conform\u00e9ment \u00e0 la loi.\npr\u00e9voit diff\u00e9rents d\u00e9lais de conservation. Apr\u00e8s la disparition de la finalit\u00e9 ou l&rsquo;expiration de ces d\u00e9lais, les donn\u00e9es correspondantes sont syst\u00e9matiquement bloqu\u00e9es ou supprim\u00e9es conform\u00e9ment aux dispositions l\u00e9gales.\n<h3><strong>Collecte d&rsquo;informations g\u00e9n\u00e9rales lors de la visite de notre site web<\/strong><\/h3>\nLorsque vous acc\u00e9dez \u00e0 notre site web, des informations de nature g\u00e9n\u00e9rale sont automatiquement collect\u00e9es au moyen d&rsquo;un cookie. Ces informations (fichiers journaux du serveur) comprennent, par exemple, le type de navigateur web, le syst\u00e8me d&rsquo;exploitation utilis\u00e9, le nom de domaine de votre fournisseur d&rsquo;acc\u00e8s \u00e0 Internet et d&rsquo;autres informations similaires. Il s&rsquo;agit exclusivement d&rsquo;informations qui ne permettent pas de tirer des conclusions sur votre personne.\n\nCes informations sont techniquement n\u00e9cessaires pour fournir correctement le contenu du site web que vous avez demand\u00e9 et sont obligatoires lors de l&rsquo;utilisation de l&rsquo;Internet. Elles sont trait\u00e9es notamment aux fins suivantes :\n<ul>\n \t<li>Assurer une connexion fluide au site web,<\/li>\n \t<li>Assurer le bon fonctionnement de notre site web,<\/li>\n \t<li>\u00c9valuation de la s\u00e9curit\u00e9 et de la stabilit\u00e9 du syst\u00e8me et<\/li>\n \t<li>\u00e0 d&rsquo;autres fins administratives.<\/li>\n<\/ul>\nLe traitement de vos donn\u00e9es personnelles est fond\u00e9 sur notre int\u00e9r\u00eat l\u00e9gitime \u00e0 l&rsquo;\u00e9gard des finalit\u00e9s susmentionn\u00e9es de la collecte de donn\u00e9es. Nous n&rsquo;utilisons pas vos donn\u00e9es pour tirer des conclusions sur votre personne. Les destinataires des donn\u00e9es sont uniquement le responsable du traitement et, le cas \u00e9ch\u00e9ant, le sous-traitant.\n\nLes informations anonymes de ce type peuvent \u00eatre trait\u00e9es par nos soins et faire l&rsquo;objet d&rsquo;une \u00e9valuation statistique afin d&rsquo;optimiser notre site web et la technologie qui le sous-tend.\n<h3><strong>Cookies<\/strong><\/h3>\nComme beaucoup d&rsquo;autres sites web, nous utilisons \u00e9galement des \u00ab\u00a0cookies\u00a0\u00bb. Les cookies sont de petits fichiers texte qui sont transf\u00e9r\u00e9s d&rsquo;un serveur de site web \u00e0 votre disque dur. Ils nous fournissent automatiquement certaines donn\u00e9es telles que l&rsquo;adresse IP, le navigateur utilis\u00e9, le syst\u00e8me d&rsquo;exploitation et votre connexion \u00e0 l&rsquo;internet.\n\nLes cookies ne peuvent pas \u00eatre utilis\u00e9s pour lancer des programmes ou transf\u00e9rer des virus sur un ordinateur. Gr\u00e2ce aux informations contenues dans les cookies, nous pouvons vous faciliter la navigation et permettre l&rsquo;affichage correct de nos pages web.\n\nLes cookies ne peuvent pas \u00eatre utilis\u00e9s pour lancer des programmes ou transf\u00e9rer des virus sur un ordinateur. Gr\u00e2ce aux informations contenues dans les cookies, nous pouvons vous faciliter la navigation et permettre l&rsquo;affichage correct de nos pages web.\n\nBien entendu, vous pouvez \u00e9galement consulter notre site web sans cookies. Les navigateurs Internet sont r\u00e9guli\u00e8rement configur\u00e9s pour accepter les cookies. En g\u00e9n\u00e9ral, vous pouvez d\u00e9sactiver l&rsquo;utilisation des cookies \u00e0 tout moment via les param\u00e8tres\nde votre navigateur. Veuillez utiliser les fonctions d&rsquo;aide de votre navigateur Internet pour savoir comment modifier ces param\u00e8tres. Veuillez noter que certaines fonctions de notre site web peuvent ne pas fonctionner sur\nsi vous avez d\u00e9sactiv\u00e9 l&rsquo;utilisation des cookies.\n<h3><strong>Inscription sur notre site web<\/strong><\/h3>\nLorsque vous vous inscrivez pour utiliser nos services personnalis\u00e9s, certaines donn\u00e9es personnelles sont collect\u00e9es, telles que le nom, l&rsquo;adresse, les donn\u00e9es de contact et de communication comme le num\u00e9ro de t\u00e9l\u00e9phone et l&rsquo;adresse \u00e9lectronique. \u00cates-vous avec nous\nenregistr\u00e9, vous pouvez acc\u00e9der au contenu et aux services que nous n&rsquo;offrons qu&rsquo;aux utilisateurs enregistr\u00e9s. Les utilisateurs enregistr\u00e9s ont \u00e9galement la possibilit\u00e9 de modifier ou de supprimer \u00e0 tout moment les donn\u00e9es fournies lors de l&rsquo;enregistrement.\nBien entendu, nous vous fournirons \u00e0 tout moment des informations sur les donn\u00e9es personnelles que nous avons enregistr\u00e9es \u00e0 votre sujet. Nous nous ferons un plaisir de les corriger ou de les effacer \u00e0 votre demande, dans la mesure o\u00f9 aucune obligation l\u00e9gale de conservation ne s&rsquo;y oppose. Pour nous contacter dans ce contexte, veuillez utiliser le site\n\u00e0 la fin de cette politique de confidentialit\u00e9.\n<h3><strong>Fonction de commentaire<\/strong><\/h3>\nLorsque les utilisateurs laissent des commentaires sur notre site web, l&rsquo;heure de leur cr\u00e9ation et le nom d&rsquo;utilisateur pr\u00e9c\u00e9demment s\u00e9lectionn\u00e9 par le visiteur du site web sont stock\u00e9s en plus de ces informations. Cette mesure vise \u00e0 assurer notre s\u00e9curit\u00e9, car nous pouvons \u00eatre poursuivis en cas de contenu ill\u00e9gal sur notre site web, m\u00eame s&rsquo;il a \u00e9t\u00e9 cr\u00e9\u00e9 par les utilisateurs.\n<h3><strong>Cryptage SSL<\/strong><\/h3>\nPour prot\u00e9ger la s\u00e9curit\u00e9 de vos donn\u00e9es lors de leur transmission, nous utilisons les m\u00e9thodes de cryptage les plus modernes (par exemple SSL) via HTTPS.\n<h3><strong>Bulletin d&rsquo;information<\/strong><\/h3>\nSur la base de votre consentement explicite, nous vous enverrons r\u00e9guli\u00e8rement notre bulletin d&rsquo;information ou des informations similaires par courrier \u00e9lectronique \u00e0 l&rsquo;adresse que vous nous avez communiqu\u00e9e.\n\nPour recevoir le bulletin d&rsquo;information, il suffit d&rsquo;indiquer votre adresse \u00e9lectronique. Lorsque vous vous inscrivez pour recevoir notre bulletin d&rsquo;information, les donn\u00e9es que vous fournissez sont utilis\u00e9es exclusivement \u00e0 cette fin. Les abonn\u00e9s peuvent \u00e9galement s&rsquo;inscrire via\npour \u00eatre inform\u00e9s par e-mail des circonstances relatives au service ou \u00e0 l&rsquo;inscription (par exemple, les modifications de l&rsquo;offre de la lettre d&rsquo;information ou les circonstances techniques).\n\nNous exigeons une adresse \u00e9lectronique valide pour que l&rsquo;inscription soit effective. Nous utilisons la proc\u00e9dure \u00ab\u00a0double opt-in\u00a0\u00bb pour v\u00e9rifier qu&rsquo;une inscription est effectivement effectu\u00e9e par le propri\u00e9taire d&rsquo;une adresse \u00e9lectronique. \u00c0 cette fin, nous enregistrons l&rsquo;adresse\n. La commande du bulletin d&rsquo;information, l&rsquo;envoi d&rsquo;un courriel de confirmation et la r\u00e9ception de la r\u00e9ponse demand\u00e9e par la m\u00eame occasion. Aucune autre donn\u00e9e n&rsquo;est collect\u00e9e. Les donn\u00e9es seront utilis\u00e9es exclusivement pour l&rsquo;envoi du bulletin d&rsquo;information et ne seront pas transmises \u00e0 des tiers.\n\nVous pouvez \u00e0 tout moment r\u00e9voquer votre consentement \u00e0 l&rsquo;enregistrement de vos donn\u00e9es personnelles et \u00e0 leur utilisation pour l&rsquo;envoi de la lettre d&rsquo;information. Un lien correspondant figure dans chaque lettre d&rsquo;information. Vous pouvez \u00e9galement nous contacter \u00e0 tout moment directement \u00e0 l&rsquo;adresse\nou nous informer de votre souhait de le faire par le biais de l&rsquo;option de contact fournie \u00e0 la fin de cet avis de protection des donn\u00e9es.\n<h3><strong>Formulaire de contact<\/strong><\/h3>\nSi vous nous contactez pour poser des questions de quelque nature que ce soit par courrier \u00e9lectronique ou par le biais d&rsquo;un formulaire de contact, vous nous donnez votre accord volontaire pour que nous puissions vous contacter. Une adresse \u00e9lectronique valide est n\u00e9cessaire \u00e0 cet effet. Elle est utilis\u00e9e pour assigner la demande et y r\u00e9pondre. L&rsquo;indication d&rsquo;autres donn\u00e9es est facultative. Les informations que vous fournissez seront stock\u00e9es dans le but de traiter votre demande et pour d&rsquo;\u00e9ventuelles questions de suivi. Une fois votre demande trait\u00e9e, vos donn\u00e9es personnelles seront automatiquement supprim\u00e9es.\n<h3><strong>Utilisation de Google Analytics<\/strong><\/h3>\nCe site utilise Google Analytics, un service d&rsquo;analyse de site internet fourni par Google Inc. (ci-apr\u00e8s : Google). Google Analytics utilise des \u00ab\u00a0cookies\u00a0\u00bb, qui sont des fichiers texte plac\u00e9s sur votre ordinateur, pour aider le site Internet \u00e0 analyser l&rsquo;utilisation du site par ses utilisateurs.\npar vous. Les informations g\u00e9n\u00e9r\u00e9es par les cookies concernant votre utilisation de ce site web sont g\u00e9n\u00e9ralement transf\u00e9r\u00e9es \u00e0 un serveur de Google aux Etats-Unis et y sont stock\u00e9es. En raison de l&rsquo;activation de l&rsquo;anonymisation IP\nsur ces sites web, votre adresse IP sera toutefois stock\u00e9e par Google au sein des \u00c9tats membres de l&rsquo;Union europ\u00e9enne ou dans d&rsquo;autres \u00c9tats contractants de l&rsquo;Accord de coop\u00e9ration entre l&rsquo;Union europ\u00e9enne et les \u00c9tats-Unis.\n\nAccord sur l&rsquo;Espace \u00e9conomique europ\u00e9en. Ce n&rsquo;est que dans des cas exceptionnels que l&rsquo;adresse IP compl\u00e8te sera transmise \u00e0 un serveur de Google aux \u00c9tats-Unis et y sera raccourcie. Au nom de l&rsquo;exploitant de ce site, Google\nutilise ces informations pour \u00e9valuer votre utilisation du site, \u00e9tablir des rapports sur l&rsquo;activit\u00e9 du site et fournir \u00e0 l&rsquo;exploitant du site d&rsquo;autres services li\u00e9s \u00e0 l&rsquo;activit\u00e9 du site et \u00e0 l&rsquo;utilisation d&rsquo;Internet. L&rsquo;adresse IP transmise par votre navigateur dans le cadre de Google Analytics ne sera pas fusionn\u00e9e avec d&rsquo;autres donn\u00e9es de Google.\n\nLe traitement des donn\u00e9es a pour but d&rsquo;\u00e9valuer l&rsquo;utilisation du site web et de compiler des rapports sur les activit\u00e9s du site web. En fonction de l&rsquo;utilisation du site web et de l&rsquo;internet, d&rsquo;autres services associ\u00e9s\nsont fournis. Le traitement est fond\u00e9 sur l&rsquo;int\u00e9r\u00eat l\u00e9gitime de l&rsquo;exploitant du site web.\n\nVous pouvez refuser l&rsquo;utilisation de cookies en s\u00e9lectionnant les param\u00e8tres appropri\u00e9s de votre navigateur. Nous attirons toutefois votre attention sur le fait que, dans ce cas, vous ne pourrez peut-\u00eatre pas utiliser toutes les fonctionnalit\u00e9s de ce site web.\npeut utiliser. Vous pouvez \u00e9galement emp\u00eacher Google de collecter les donn\u00e9es g\u00e9n\u00e9r\u00e9es par les cookies et relatives \u00e0 votre utilisation du site (y compris votre adresse IP) et de traiter ces donn\u00e9es par Google en activant le\npour t\u00e9l\u00e9charger et installer le plug-in de navigateur disponible sous le lien suivant :\n<a href=\"https:\/\/tools.google.com\/dlpage\/gaoptout?hl=de\">Module compl\u00e9mentaire de navigateur pour d\u00e9sactiver Google Analytics.<\/a>\n\nEn compl\u00e9ment ou en alternative au module compl\u00e9mentaire de navigateur, vous pouvez emp\u00eacher le suivi par Google Analytics sur nos pages en <a href=\"https:\/\/www.perfect-you24.com\/datenschutz\">cliquant sur ce lien<\/a>. Un cookie de d\u00e9sactivation sera install\u00e9 sur votre appareil. Cela signifie que l&rsquo;enregistrement\npar Google Analytics pour ce site web et pour ce navigateur \u00e0 l&rsquo;avenir, tant que le cookie reste install\u00e9 dans votre navigateur.\n<h3><strong>Utilisation de biblioth\u00e8ques de scripts (Google Webfonts)<\/strong><\/h3>\nNous utilisons des biblioth\u00e8ques de scripts et de polices de caract\u00e8res telles que Google Web Fonts<a href=\"https:\/\/fonts.google.com\/\">(https:\/\/www.google.com\/webfonts\/)<\/a> sur ce site web afin d&rsquo;afficher notre contenu correctement et de mani\u00e8re attrayante sur tous les navigateurs. Les polices Web de Google sont transf\u00e9r\u00e9es dans le cache de votre navigateur afin d&rsquo;\u00e9viter les chargements multiples. Si le navigateur ne prend pas en charge les polices Google Web Fonts ou en emp\u00eache l&rsquo;acc\u00e8s, le contenu sera affich\u00e9 dans une police standard.\n\nL&rsquo;appel \u00e0 des biblioth\u00e8ques de scripts ou de polices d\u00e9clenche automatiquement une connexion avec l&rsquo;op\u00e9rateur de la biblioth\u00e8que. Il est th\u00e9oriquement possible &#8211; mais actuellement on ne sait pas non plus si et, le cas \u00e9ch\u00e9ant, \u00e0 quelles fins &#8211; que les op\u00e9rateurs\ncollectent des donn\u00e9es aupr\u00e8s des biblioth\u00e8ques concern\u00e9es. La politique de confidentialit\u00e9 de l&rsquo;op\u00e9rateur de biblioth\u00e8que Google peut \u00eatre consult\u00e9e ici :\n<a href=\"https:\/\/policies.google.com\/privacy\">https:\/\/www.google.com\/policies\/privacy\/<\/a>\n<h3><strong>Utilisation de Google Map<\/strong><\/h3>\nCe site utilise l&rsquo;API Google Maps pour afficher visuellement des informations g\u00e9ographiques. Lors de l&rsquo;utilisation de Google Maps, Google collecte, traite et utilise \u00e9galement des donn\u00e9es relatives \u00e0 l&rsquo;utilisation des fonctions cartographiques par les visiteurs.\nVous trouverez de plus amples informations sur le traitement des donn\u00e9es par Google <a href=\"https:\/\/policies.google.com\/privacy\">dans la politique de confidentialit\u00e9 de Google<\/a>. Vous pouvez \u00e9galement y modifier vos param\u00e8tres de protection des donn\u00e9es personnelles dans le centre de protection des donn\u00e9es\n\nVous trouverez <a href=\"https:\/\/support.google.com\/accounts\/answer\/3024190\">ici des<\/a> instructions d\u00e9taill\u00e9es sur la gestion de vos propres donn\u00e9es en relation avec les produits Google.\n<h3><strong>Google AdWords<\/strong><\/h3>\nNotre site Internet utilise le syst\u00e8me de suivi des conversions de Google. Si vous avez acc\u00e9d\u00e9 \u00e0 notre site web par le biais d&rsquo;une annonce plac\u00e9e par Google, Google Adwords installera un cookie sur votre ordinateur. Le cookie pour le suivi des conversions est\n. Il est install\u00e9 lorsqu&rsquo;un utilisateur clique sur une annonce plac\u00e9e par Google. Ces cookies perdent leur validit\u00e9 apr\u00e8s 30 jours et ne sont pas utilis\u00e9s pour l&rsquo;identification personnelle. Si l&rsquo;utilisateur visite certaines pages de notre site web et que le cookie\nn&rsquo;a pas encore expir\u00e9, Google et nous-m\u00eames pouvons reconna\u00eetre que l&rsquo;utilisateur a cliqu\u00e9 sur l&rsquo;annonce et a \u00e9t\u00e9 redirig\u00e9 vers cette page. Chaque client de Google AdWords re\u00e7oit un cookie diff\u00e9rent. Les cookies ne peuvent donc pas \u00eatre stock\u00e9s via les sites web\ndes clients AdWords. Les informations collect\u00e9es \u00e0 l&rsquo;aide du cookie de conversion sont utilis\u00e9es pour g\u00e9n\u00e9rer des statistiques de conversion pour les clients AdWords qui ont opt\u00e9 pour le suivi des conversions. Les clients de\nd\u00e9couvrent le nombre total d&rsquo;utilisateurs qui ont cliqu\u00e9 sur leur annonce et ont \u00e9t\u00e9 redirig\u00e9s vers une page contenant une balise de suivi des conversions. Toutefois, ils ne re\u00e7oivent aucune information permettant d&rsquo;identifier personnellement les utilisateurs\nleave.\n\nSi vous ne souhaitez pas participer au suivi, vous pouvez refuser l&rsquo;installation d&rsquo;un cookie n\u00e9cessaire \u00e0 cet effet &#8211; par exemple, en param\u00e9trant votre navigateur pour d\u00e9sactiver de mani\u00e8re g\u00e9n\u00e9rale l&rsquo;installation automatique de cookies ou pour configurer votre navigateur de mani\u00e8re \u00e0 ce que les cookies soient bloqu\u00e9s par le domaine\n\u00ab\u00a0googleleadservices.com\u00a0\u00bb \u00e0 bloquer.\n\nVeuillez noter que vous ne pouvez pas supprimer les cookies opt-out tant que vous ne souhaitez pas que des donn\u00e9es de mesure soient enregistr\u00e9es. Si vous avez supprim\u00e9 tous vos cookies dans le navigateur, vous devez \u00e0 nouveau param\u00e9trer le cookie opt-out correspondant.\n<h3><strong>Utilisation de Google Remarketing<\/strong><\/h3>\nCe site utilise la fonction de remarketing de Google Inc. Cette fonction est utilis\u00e9e pour pr\u00e9senter des publicit\u00e9s bas\u00e9es sur les int\u00e9r\u00eats aux visiteurs du site web au sein du r\u00e9seau publicitaire de Google. Un \u00ab\u00a0cookie\u00a0\u00bb est enregistr\u00e9 dans le navigateur du visiteur du site web, ce qui permet de reconna\u00eetre le visiteur lorsqu&rsquo;il acc\u00e8de \u00e0 des sites web appartenant au r\u00e9seau publicitaire.\nappartient \u00e0 Google. Sur ces pages, le visiteur peut se voir pr\u00e9senter des publicit\u00e9s relatives \u00e0 des contenus qu&rsquo;il a pr\u00e9c\u00e9demment consult\u00e9s sur des sites Web utilisant la fonction de remarketing de Google.\n\nSelon ses propres informations, Google ne collecte aucune donn\u00e9e personnelle dans le cadre de ce processus. Toutefois, si vous ne souhaitez pas utiliser la fonction de remarketing de Google, vous pouvez toujours la d\u00e9sactiver en cliquant sur le lien correspondant\n. Effectuez les r\u00e9glages \u00e0 l&rsquo;<a href=\"https:\/\/www.google.com\/settings\/ads\">adresse http:\/\/www.google.com\/settings\/ads.<\/a> Vous pouvez \u00e9galement d\u00e9sactiver l&rsquo;utilisation de cookies pour la publicit\u00e9 bas\u00e9e sur les centres d&rsquo;int\u00e9r\u00eat via l&rsquo;initiative du r\u00e9seau publicitaire en suivant les instructions \u00e0 l&rsquo;<a href=\"https:\/\/thenai.org\/opt-out\/\">adresse http:\/\/www.networkadvertising.org\/managing\/opt_out.asp.<\/a>\n<h3><strong>Modifications de notre politique de confidentialit\u00e9<\/strong><\/h3>\nNous nous r\u00e9servons le droit d&rsquo;adapter cette politique de confidentialit\u00e9 afin qu&rsquo;elle soit toujours conforme aux exigences l\u00e9gales actuelles ou de mettre en \u0153uvre des modifications de nos services dans la politique de confidentialit\u00e9, par exemple lors de l&rsquo;introduction de nouveaux services. La nouvelle politique de confidentialit\u00e9 s&rsquo;appliquera alors \u00e0 votre prochaine visite.\n<h3><strong>Questions au d\u00e9l\u00e9gu\u00e9 \u00e0 la protection des donn\u00e9es<\/strong><\/h3>\nSi vous avez des questions sur la protection des donn\u00e9es, veuillez nous envoyer un e-mail : <a href=\"mailto:mail@lumilean.io\">mail@lumilean.io<\/a>\t\t\t\t\t\t\t\t<\/div>\n\t\t\t\t<\/div>\n\t\t\t\t\t<\/div>\n\t\t\t\t<\/div>\n\t\t\t\t<\/div>\n\t\t","protected":false},"excerpt":{"rendered":"<p>Politique de confidentialit\u00e9 L&rsquo;organisme responsable au sens des lois sur la protection des donn\u00e9es, en particulier le R\u00e8glement g\u00e9n\u00e9ral sur la protection des donn\u00e9es (RGPD) de l&rsquo;UE, est le suivant FitSmart B.V.Stadhouderskade 51054 ES AmsterdamThe Netherlands Courrier : mail@lumilean.io Vos droits en tant que personne concern\u00e9e Vous pouvez exercer les droits suivants \u00e0 tout moment [&hellip;]<\/p>\n","protected":false},"author":1,"featured_media":0,"parent":0,"menu_order":0,"comment_status":"closed","ping_status":"closed","template":"elementor_header_footer","meta":{"_acf_changed":false,"bwfblock_default_font":"","inline_featured_image":false,"footnotes":""},"class_list":["post-1965","page","type-page","status-publish","hentry"],"acf":[],"_links":{"self":[{"href":"https:\/\/lumilean.io\/fr\/wp-json\/wp\/v2\/pages\/1965","targetHints":{"allow":["GET"]}}],"collection":[{"href":"https:\/\/lumilean.io\/fr\/wp-json\/wp\/v2\/pages"}],"about":[{"href":"https:\/\/lumilean.io\/fr\/wp-json\/wp\/v2\/types\/page"}],"author":[{"embeddable":true,"href":"https:\/\/lumilean.io\/fr\/wp-json\/wp\/v2\/users\/1"}],"replies":[{"embeddable":true,"href":"https:\/\/lumilean.io\/fr\/wp-json\/wp\/v2\/comments?post=1965"}],"version-history":[{"count":20,"href":"https:\/\/lumilean.io\/fr\/wp-json\/wp\/v2\/pages\/1965\/revisions"}],"predecessor-version":[{"id":3029082,"href":"https:\/\/lumilean.io\/fr\/wp-json\/wp\/v2\/pages\/1965\/revisions\/3029082"}],"wp:attachment":[{"href":"https:\/\/lumilean.io\/fr\/wp-json\/wp\/v2\/media?parent=1965"}],"curies":[{"name":"wp","href":"https:\/\/api.w.org\/{rel}","templated":true}]}}