{"id":3644,"date":"2024-02-26T09:44:57","date_gmt":"2024-02-26T09:44:57","guid":{"rendered":"https:\/\/lumilean.io\/ingredienser\/"},"modified":"2025-02-19T18:17:07","modified_gmt":"2025-02-19T18:17:07","slug":"ingredienser","status":"publish","type":"page","link":"https:\/\/lumilean.io\/sv\/ingredienser\/","title":{"rendered":"Ingredienser"},"content":{"rendered":"\t\t<div data-elementor-type=\"wp-page\" data-elementor-id=\"3644\" class=\"elementor elementor-3644 elementor-1127\" data-elementor-post-type=\"page\">\n\t\t\t\t<div class=\"elementor-element elementor-element-f3c407e innertop-banner-sctn e-con-full e-flex e-con e-parent\" data-id=\"f3c407e\" data-element_type=\"container\" data-settings=\"{&quot;background_background&quot;:&quot;gradient&quot;}\">\n\t\t<div class=\"elementor-element elementor-element-8b3c007 e-flex e-con-boxed e-con e-child\" data-id=\"8b3c007\" data-element_type=\"container\">\n\t\t\t\t\t<div class=\"e-con-inner\">\n\t\t\t\t<div class=\"elementor-element elementor-element-88eab1e elementor-widget elementor-widget-heading\" data-id=\"88eab1e\" data-element_type=\"widget\" data-widget_type=\"heading.default\">\n\t\t\t\t<div class=\"elementor-widget-container\">\n\t\t\t\t\t<h1 class=\"elementor-heading-title elementor-size-default\">Ingredienser<\/h1>\t\t\t\t<\/div>\n\t\t\t\t<\/div>\n\t\t\t\t\t<\/div>\n\t\t\t\t<\/div>\n\t\t\t\t<\/div>\n\t\t<div class=\"elementor-element elementor-element-7fc6b1b e-flex e-con-boxed e-con e-parent\" data-id=\"7fc6b1b\" data-element_type=\"container\" data-settings=\"{&quot;background_background&quot;:&quot;classic&quot;}\">\n\t\t\t\t\t<div class=\"e-con-inner\">\n\t\t<div class=\"elementor-element elementor-element-c8f1cd6 e-con-full e-flex e-con e-child\" data-id=\"c8f1cd6\" data-element_type=\"container\">\n\t\t\t\t<div class=\"elementor-element elementor-element-7a54fd9 elementor-widget elementor-widget-heading\" data-id=\"7a54fd9\" data-element_type=\"widget\" data-widget_type=\"heading.default\">\n\t\t\t\t<div class=\"elementor-widget-container\">\n\t\t\t\t\t<h2 class=\"elementor-heading-title elementor-size-default\">Ingredienser<\/h2>\t\t\t\t<\/div>\n\t\t\t\t<\/div>\n\t\t\t\t<div class=\"elementor-element elementor-element-e86842b elementor-widget-divider--view-line elementor-widget elementor-widget-divider\" data-id=\"e86842b\" data-element_type=\"widget\" data-widget_type=\"divider.default\">\n\t\t\t\t<div class=\"elementor-widget-container\">\n\t\t\t\t\t\t\t<div class=\"elementor-divider\">\n\t\t\t<span class=\"elementor-divider-separator\">\n\t\t\t\t\t\t<\/span>\n\t\t<\/div>\n\t\t\t\t\t\t<\/div>\n\t\t\t\t<\/div>\n\t\t\t\t<div class=\"elementor-element elementor-element-29010d7 ingred-table elementor-widget elementor-widget-text-editor\" data-id=\"29010d7\" data-element_type=\"widget\" data-widget_type=\"text-editor.default\">\n\t\t\t\t<div class=\"elementor-widget-container\">\n\t\t\t\t\t\t\t\t\t<div class=\"table\">\n<table>\n<thead>\n<tr>\n<th>Inneh\u00e5ll &#8211; 1 tablett<\/th>\n<th> <\/th>\n<th>% NRV*<\/th>\n<\/tr>\n<\/thead>\n<tbody>\n<tr>\n<td>Kalcium<\/td>\n<td>360 mg<\/td>\n<td>45 %<\/td>\n<\/tr>\n<tr>\n<td>Magnesium<\/td>\n<td>80 mg<\/td>\n<td>21.3 %<\/td>\n<\/tr>\n<tr>\n<td>Cinamon-extrakt 4:1<\/td>\n<td>30 mg<\/td>\n<td>**<\/td>\n<\/tr>\n<tr>\n<td>Berberin 4:1<\/td>\n<td>30 mg<\/td>\n<td>**<\/td>\n<\/tr>\n<tr>\n<td>Vitamin E<\/td>\n<td>15 mg \u03b1-TE<\/td>\n<td>125 %<\/td>\n<\/tr>\n<tr>\n<td>Extrakt av r\u00f6tt j\u00e4stris 4:1<\/td>\n<td>30 mg<\/td>\n<td>**<\/td>\n<\/tr>\n<tr>\n<td>Vitamin B3<\/td>\n<td>18 mg<\/td>\n<td>56.1 %<\/td>\n<\/tr>\n<tr>\n<td>Bockhornskl\u00f6verextrakt 20:1<\/td>\n<td>10 mg<\/td>\n<td>**<\/td>\n<\/tr>\n<tr>\n<td>Vitamin D3<\/td>\n<td>1000 IE, 25 \u03bcg<\/td>\n<td>500 %<\/td>\n<\/tr>\n<tr>\n<td>Krom<\/td>\n<td>200 mcg<\/td>\n<td>500 %<\/td>\n<\/tr>\n<tr>\n<td>Biotin (vitamin B7)<\/td>\n<td>300 mcg<\/td>\n<td>600 %<\/td>\n<\/tr>\n<tr>\n<td>Selen<\/td>\n<td>50 ug<\/td>\n<td>91 %<\/td>\n<\/tr>\n<\/tbody>\n<\/table>\n<\/div>\n\t\t\t\t\t\t\t\t<\/div>\n\t\t\t\t<\/div>\n\t\t\t\t<div class=\"elementor-element elementor-element-349c41e elementor-widget elementor-widget-text-editor\" data-id=\"349c41e\" data-element_type=\"widget\" data-widget_type=\"text-editor.default\">\n\t\t\t\t<div class=\"elementor-widget-container\">\n\t\t\t\t\t\t\t\t\t<p>* Procent av referensv\u00e4rdet<br \/>** Ingen rekommendation tillg\u00e4nglig<br \/>Anv\u00e4ndning: Vuxna 1 tablett per dag som ska tas med mat.<br \/><br \/><\/p>\t\t\t\t\t\t\t\t<\/div>\n\t\t\t\t<\/div>\n\t\t\t\t<div class=\"elementor-element elementor-element-1b07080 elementor-align-left elementor-hidden-phone cstm-btn elementor-widget elementor-widget-button\" data-id=\"1b07080\" data-element_type=\"widget\" data-widget_type=\"button.default\">\n\t\t\t\t<div class=\"elementor-widget-container\">\n\t\t\t\t\t\t\t\t\t<div class=\"elementor-button-wrapper\">\n\t\t\t\t\t<a class=\"elementor-button elementor-button-link elementor-size-md\" href=\"https:\/\/lumilean.io\/sv\/checkout\/\">\n\t\t\t\t\t\t<span class=\"elementor-button-content-wrapper\">\n\t\t\t\t\t\t<span class=\"elementor-button-icon\">\n\t\t\t\t<svg aria-hidden=\"true\" class=\"e-font-icon-svg e-fas-long-arrow-alt-right\" viewBox=\"0 0 448 512\" xmlns=\"http:\/\/www.w3.org\/2000\/svg\"><path d=\"M313.941 216H12c-6.627 0-12 5.373-12 12v56c0 6.627 5.373 12 12 12h301.941v46.059c0 21.382 25.851 32.09 40.971 16.971l86.059-86.059c9.373-9.373 9.373-24.569 0-33.941l-86.059-86.059c-15.119-15.119-40.971-4.411-40.971 16.971V216z\"><\/path><\/svg>\t\t\t<\/span>\n\t\t\t\t\t\t\t\t\t<span class=\"elementor-button-text\">K\u00f6p nu<\/span>\n\t\t\t\t\t<\/span>\n\t\t\t\t\t<\/a>\n\t\t\t\t<\/div>\n\t\t\t\t\t\t\t\t<\/div>\n\t\t\t\t<\/div>\n\t\t\t\t<\/div>\n\t\t<div class=\"elementor-element elementor-element-6d7c508 e-con-full e-flex e-con e-child\" data-id=\"6d7c508\" data-element_type=\"container\">\n\t\t\t\t<div class=\"elementor-element elementor-element-160a46c elementor-widget elementor-widget-image\" data-id=\"160a46c\" data-element_type=\"widget\" data-widget_type=\"image.default\">\n\t\t\t\t<div class=\"elementor-widget-container\">\n\t\t\t\t\t\t\t\t\t\t\t\t\t\t\t<img fetchpriority=\"high\" decoding=\"async\" width=\"261\" height=\"506\" src=\"https:\/\/lumilean.io\/wp-content\/uploads\/2024\/03\/himero-prod.png\" class=\"attachment-large size-large wp-image-1231\" alt=\"\" srcset=\"https:\/\/lumilean.io\/wp-content\/uploads\/2024\/03\/himero-prod.png 261w, https:\/\/lumilean.io\/wp-content\/uploads\/2024\/03\/himero-prod-155x300.png 155w\" sizes=\"(max-width: 261px) 100vw, 261px\" \/>\t\t\t\t\t\t\t\t\t\t\t\t\t\t\t<\/div>\n\t\t\t\t<\/div>\n\t\t\t\t<\/div>\n\t\t\t\t\t<\/div>\n\t\t\t\t<\/div>\n\t\t<div class=\"elementor-element elementor-element-7f20956 e-flex e-con-boxed e-con e-parent\" data-id=\"7f20956\" data-element_type=\"container\" data-settings=\"{&quot;background_background&quot;:&quot;classic&quot;}\">\n\t\t\t\t\t<div class=\"e-con-inner\">\n\t\t<div class=\"elementor-element elementor-element-4086598 e-flex e-con-boxed e-con e-child\" data-id=\"4086598\" data-element_type=\"container\">\n\t\t\t\t\t<div class=\"e-con-inner\">\n\t\t\t\t<div class=\"elementor-element elementor-element-7f6c5e8 elementor-widget elementor-widget-text-editor\" data-id=\"7f6c5e8\" data-element_type=\"widget\" data-widget_type=\"text-editor.default\">\n\t\t\t\t<div class=\"elementor-widget-container\">\n\t\t\t\t\t\t\t\t\t<p>Individuella resultat kan variera och det g\u00f6rs inga anspr\u00e5k p\u00e5 att vittnesm\u00e5len \u00e5terspeglar typiska resultat. Alla vittnesm\u00e5l \u00e4r fr\u00e5n verkliga deltagare och kanske inte \u00e5terspeglar erfarenheten hos den typiska k\u00f6paren och \u00e4r inte avsedda att representera eller garantera att n\u00e5gon kommer att uppn\u00e5 samma eller liknande resultat.<\/p>\n\t\t\t\t\t\t\t\t<\/div>\n\t\t\t\t<\/div>\n\t\t\t\t<div class=\"elementor-element elementor-element-d941c1c elementor-widget elementor-widget-text-editor\" data-id=\"d941c1c\" data-element_type=\"widget\" data-widget_type=\"text-editor.default\">\n\t\t\t\t<div class=\"elementor-widget-container\">\n\t\t\t\t\t\t\t\t\t<p>Varje person har unika erfarenheter, tr\u00e4ningsvanor, matvanor och till\u00e4mpar informationen p\u00e5 olika s\u00e4tt. Detta \u00e4r inte ett substitut f\u00f6r medicinsk r\u00e5dgivning. R\u00e5dg\u00f6r med en l\u00e4kare innan du p\u00e5b\u00f6rjar ett tr\u00e4nings- eller dietprogram.<\/p>\n\t\t\t\t\t\t\t\t<\/div>\n\t\t\t\t<\/div>\n\t\t\t\t<div class=\"elementor-element elementor-element-d916c93 elementor-widget elementor-widget-text-editor\" data-id=\"d916c93\" data-element_type=\"widget\" data-widget_type=\"text-editor.default\">\n\t\t\t\t<div class=\"elementor-widget-container\">\n\t\t\t\t\t\t\t\t\t<p>Det rekommenderas att du r\u00e5dg\u00f6r med l\u00e4kare eller apotekspersonal f\u00f6re anv\u00e4ndning. F\u00f6rvara p\u00e5 en plats som \u00e4r o\u00e5tkomlig f\u00f6r barn! \u00d6verskrid inte den rekommenderade dagliga dosen! F\u00f6rvara i originalf\u00f6rpackning, p\u00e5 en torr plats, i rumstemperatur! Anv\u00e4nd inte kosttillskottet som en ers\u00e4ttning f\u00f6r en h\u00e4lsosam och balanserad kost! F\u00f6r gravida och ammande m\u00f6drar, anv\u00e4nd endast efter samr\u00e5d med l\u00e4kare.<\/p>\n\t\t\t\t\t\t\t\t<\/div>\n\t\t\t\t<\/div>\n\t\t\t\t\t<\/div>\n\t\t\t\t<\/div>\n\t\t\t\t\t<\/div>\n\t\t\t\t<\/div>\n\t\t\t\t<\/div>\n\t\t","protected":false},"excerpt":{"rendered":"<p>Ingredienser Ingredienser Inneh\u00e5ll &#8211; 1 tablett % NRV* Kalcium 360 mg 45 % Magnesium 80 mg 21.3 % Cinamon-extrakt 4:1 30 mg ** Berberin 4:1 30 mg ** Vitamin E 15 mg \u03b1-TE 125 % Extrakt av r\u00f6tt j\u00e4stris 4:1 30 mg ** Vitamin B3 18 mg 56.1 % Bockhornskl\u00f6verextrakt 20:1 10 mg ** Vitamin [&hellip;]<\/p>\n","protected":false},"author":1,"featured_media":0,"parent":0,"menu_order":0,"comment_status":"closed","ping_status":"closed","template":"elementor_header_footer","meta":{"_acf_changed":false,"bwfblock_default_font":"","inline_featured_image":false,"footnotes":""},"class_list":["post-3644","page","type-page","status-publish","hentry"],"acf":[],"_links":{"self":[{"href":"https:\/\/lumilean.io\/sv\/wp-json\/wp\/v2\/pages\/3644","targetHints":{"allow":["GET"]}}],"collection":[{"href":"https:\/\/lumilean.io\/sv\/wp-json\/wp\/v2\/pages"}],"about":[{"href":"https:\/\/lumilean.io\/sv\/wp-json\/wp\/v2\/types\/page"}],"author":[{"embeddable":true,"href":"https:\/\/lumilean.io\/sv\/wp-json\/wp\/v2\/users\/1"}],"replies":[{"embeddable":true,"href":"https:\/\/lumilean.io\/sv\/wp-json\/wp\/v2\/comments?post=3644"}],"version-history":[{"count":23,"href":"https:\/\/lumilean.io\/sv\/wp-json\/wp\/v2\/pages\/3644\/revisions"}],"predecessor-version":[{"id":3013967,"href":"https:\/\/lumilean.io\/sv\/wp-json\/wp\/v2\/pages\/3644\/revisions\/3013967"}],"wp:attachment":[{"href":"https:\/\/lumilean.io\/sv\/wp-json\/wp\/v2\/media?parent=3644"}],"curies":[{"name":"wp","href":"https:\/\/api.w.org\/{rel}","templated":true}]}}