{"id":3664,"date":"2024-04-23T09:48:45","date_gmt":"2024-04-23T09:48:45","guid":{"rendered":"https:\/\/lumilean.io\/integritetspolicy\/"},"modified":"2026-01-09T11:35:30","modified_gmt":"2026-01-09T11:35:30","slug":"integritetspolicy","status":"publish","type":"page","link":"https:\/\/lumilean.io\/sv\/integritetspolicy\/","title":{"rendered":"Integritetspolicy"},"content":{"rendered":"\t\t<div data-elementor-type=\"wp-page\" data-elementor-id=\"3664\" class=\"elementor elementor-3664 elementor-1913\" data-elementor-post-type=\"page\">\n\t\t\t\t<div class=\"elementor-element elementor-element-facf8aa e-con-full e-flex e-con e-parent\" data-id=\"facf8aa\" data-element_type=\"container\">\n\t\t<div class=\"elementor-element elementor-element-d5f2f3e innertop-banner-sctn e-flex e-con-boxed e-con e-child\" data-id=\"d5f2f3e\" data-element_type=\"container\" data-settings=\"{&quot;background_background&quot;:&quot;gradient&quot;}\">\n\t\t\t\t\t<div class=\"e-con-inner\">\n\t\t<div class=\"elementor-element elementor-element-effe098 e-con-full e-flex e-con e-child\" data-id=\"effe098\" data-element_type=\"container\">\n\t\t\t\t<div class=\"elementor-element elementor-element-5bf23cc elementor-widget elementor-widget-heading\" data-id=\"5bf23cc\" data-element_type=\"widget\" data-widget_type=\"heading.default\">\n\t\t\t\t<div class=\"elementor-widget-container\">\n\t\t\t\t\t<h1 class=\"elementor-heading-title elementor-size-default\">Integritetspolicy<\/h1>\t\t\t\t<\/div>\n\t\t\t\t<\/div>\n\t\t\t\t<\/div>\n\t\t\t\t\t<\/div>\n\t\t\t\t<\/div>\n\t\t\t\t<\/div>\n\t\t<div class=\"elementor-element elementor-element-27a8830 e-flex e-con-boxed e-con e-parent\" data-id=\"27a8830\" data-element_type=\"container\">\n\t\t\t\t\t<div class=\"e-con-inner\">\n\t\t\t\t<div class=\"elementor-element elementor-element-10db339 gernal-content elementor-widget elementor-widget-text-editor\" data-id=\"10db339\" data-element_type=\"widget\" data-widget_type=\"text-editor.default\">\n\t\t\t\t<div class=\"elementor-widget-container\">\n\t\t\t\t\t\t\t\t\tAnsvarigt organ i den mening som avses i dataskyddslagstiftningen, s\u00e4rskilt EU:s allm\u00e4nna dataskyddsf\u00f6rordning (GDPR), \u00e4r\n<p data-prosemirror-content-type=\"node\" data-prosemirror-node-name=\"paragraph\" data-prosemirror-node-block=\"true\" data-pm-slice=\"1 1 []\">FitSmart B.V.<br data-prosemirror-content-type=\"node\" data-prosemirror-node-name=\"hardBreak\" data-prosemirror-node-inline=\"true\" \/>Stadhouderskade 5<br data-prosemirror-content-type=\"node\" data-prosemirror-node-name=\"hardBreak\" data-prosemirror-node-inline=\"true\" \/>1054 ES Amsterdam<br data-prosemirror-content-type=\"node\" data-prosemirror-node-name=\"hardBreak\" data-prosemirror-node-inline=\"true\" \/>The Netherlands<\/p>\nE-post: <a href=\"mailto:service@leaderoo.com\">service@leaderoo.com<\/a>\n\nDina r\u00e4ttigheter som registrerad\nDu kan n\u00e4r som helst ut\u00f6va f\u00f6ljande r\u00e4ttigheter genom att anv\u00e4nda de kontaktuppgifter som anges:\n<ul>\n \t<li>Information om dina uppgifter som lagras av oss och hur de behandlas,<\/li>\n \t<li>R\u00e4ttelse av felaktiga personuppgifter,<\/li>\n \t<li>Radering av dina uppgifter som lagras av oss,<\/li>\n \t<li>Begr\u00e4nsning av databehandling, i den m\u00e5n vi behandlar dina uppgifter p\u00e5 grund av\n\u00e4nnu inte har raderats p\u00e5 grund av r\u00e4ttsliga f\u00f6rpliktelser,<\/li>\n \t<li data-wpmeteor-wheel=\"true\">Inv\u00e4ndning mot v\u00e5r behandling av dina uppgifter och<\/li>\n \t<li>Dataportabilitet, om du har samtyckt till databehandlingen\neller har ing\u00e5tt ett avtal med oss.<\/li>\n<\/ul>\nOm du har gett oss ditt samtycke kan du n\u00e4r som helst \u00e5terkalla det med verkan f\u00f6r framtiden.\nf\u00f6r framtiden.\n\nDu kan n\u00e4r som helst kontakta den person som \u00e4r ansvarig f\u00f6r dig med ett klagom\u00e5l.\nTillsynsmyndighet. Din beh\u00f6riga tillsynsmyndighet \u00e4r baserad p\u00e5\nUppgift om din bostad, ditt arbete eller den misst\u00e4nkta skadan. En\nDu hittar en f\u00f6rteckning \u00f6ver tillsynsmyndigheter (f\u00f6r den icke-offentliga sektorn) med adresser\nunder:\n<a href=\"https:\/\/www.bfdi.bund.de\/DE\/Infothek\/Anschriften_Links\/anschriften_links-node.html.\">https:\/\/www.bfdi.bund.de\/DE\/Infothek\/Anschriften_Links\/anschriften_links-node.html.<\/a>\n\u00c4ndam\u00e5len med den personuppgiftsansvariges och tredje parts behandling av personuppgifter\nVi behandlar dina personuppgifter endast f\u00f6r de \u00e4ndam\u00e5l som beskrivs i denna\n\u00e4ndam\u00e5l som anges i integritetspolicyn. \u00d6verf\u00f6ring av dina personuppgifter\ntill tredje part f\u00f6r andra \u00e4ndam\u00e5l \u00e4n de som n\u00e4mns. Vi ger din\npersonuppgifter till tredje part endast om:\n<ul>\n \t<li>du har gett ditt uttryckliga samtycke,<\/li>\n \t<li>behandlingen \u00e4r n\u00f6dv\u00e4ndig f\u00f6r att fullg\u00f6ra ett avtal med dig,<\/li>\n \t<li>behandlingen \u00e4r n\u00f6dv\u00e4ndig f\u00f6r att fullg\u00f6ra en r\u00e4ttslig f\u00f6rpliktelse, behandlingen \u00e4r n\u00f6dv\u00e4ndig f\u00f6r \u00e4ndam\u00e5l som r\u00f6r den personuppgiftsansvariges ber\u00e4ttigade intressen och det inte finns n\u00e5gon anledning att anta att du har ett \u00f6verv\u00e4gande ber\u00e4ttigat intresse av behandlingen.\natt inte l\u00e4mna ut dina uppgifter.<\/li>\n<\/ul>\n<h3><strong>Radering eller blockering av uppgifter<\/strong><\/h3>\nVi f\u00f6ljer principerna om att undvika data och hush\u00e5lla med data. Vi lagrar d\u00e4rf\u00f6r dina personuppgifter endast s\u00e5 l\u00e4nge som det \u00e4r n\u00f6dv\u00e4ndigt f\u00f6r att uppn\u00e5 de syften som anges h\u00e4r eller som kr\u00e4vs enligt lag.\nger m\u00f6jlighet till olika lagringstider. Efter att respektive syfte har upph\u00f6rt att existera eller dessa perioder har l\u00f6pt ut, kommer motsvarande uppgifter rutinm\u00e4ssigt att blockeras eller raderas i enlighet med lagstadgade best\u00e4mmelser.\n<h3><strong>Insamling av allm\u00e4n information n\u00e4r du bes\u00f6ker v\u00e5r webbplats<\/strong><\/h3>\nN\u00e4r du bes\u00f6ker v\u00e5r webbplats samlas information av allm\u00e4n karakt\u00e4r automatiskt in med hj\u00e4lp av en cookie. Denna information (serverloggfiler) omfattar t.ex. typ av webbl\u00e4sare, vilket operativsystem som anv\u00e4nds, dom\u00e4nnamnet p\u00e5 din internetleverant\u00f6r och liknande. Detta \u00e4r uteslutande information som inte g\u00f6r det m\u00f6jligt att dra n\u00e5gra slutsatser om din person.\n\nDenna information \u00e4r tekniskt n\u00f6dv\u00e4ndig f\u00f6r att korrekt kunna leverera det webbplatsinneh\u00e5ll som du beg\u00e4r och \u00e4r obligatorisk n\u00e4r du anv\u00e4nder Internet. De behandlas i synnerhet f\u00f6r f\u00f6ljande \u00e4ndam\u00e5l:\n<ul>\n \t<li>S\u00e4kerst\u00e4ller en smidig anslutning till webbplatsen,<\/li>\n \t<li>S\u00e4kerst\u00e4lla en smidig anv\u00e4ndning av v\u00e5r webbplats,<\/li>\n \t<li>Utv\u00e4rdering av systemets s\u00e4kerhet och stabilitet samt<\/li>\n \t<li>f\u00f6r andra administrativa \u00e4ndam\u00e5l.<\/li>\n<\/ul>\nBehandlingen av dina personuppgifter baseras p\u00e5 v\u00e5rt ber\u00e4ttigade intresse av de ovan n\u00e4mnda \u00e4ndam\u00e5len f\u00f6r datainsamling. Vi anv\u00e4nder inte dina uppgifter f\u00f6r att dra slutsatser om din person. Mottagare av uppgifterna \u00e4r endast den personuppgiftsansvarige och, i f\u00f6rekommande fall, personuppgiftsbitr\u00e4det.\n\nAnonym information av detta slag kan komma att behandlas av oss. statistiskt utv\u00e4rderas f\u00f6r att optimera v\u00e5r webbplats och tekniken bakom den.\n<h3><strong>Kakor<\/strong><\/h3>\nSom m\u00e5nga andra webbplatser anv\u00e4nder vi ocks\u00e5 s\u00e5 kallade &#8221;cookies&#8221;. Cookies \u00e4r sm\u00e5 textfiler som \u00f6verf\u00f6rs fr\u00e5n en webbplatsserver till din h\u00e5rddisk. Detta ger oss automatiskt vissa uppgifter s\u00e5som IP-adress, anv\u00e4nd webbl\u00e4sare, operativsystem och din anslutning till Internet.\n\nCookies kan inte anv\u00e4ndas f\u00f6r att starta program eller \u00f6verf\u00f6ra virus till en dator. Med hj\u00e4lp av den information som finns i cookies kan vi underl\u00e4tta navigeringen f\u00f6r dig och m\u00f6jligg\u00f6ra korrekt visning av v\u00e5ra webbsidor.\n\nCookies kan inte anv\u00e4ndas f\u00f6r att starta program eller \u00f6verf\u00f6ra virus till en dator. Med hj\u00e4lp av den information som finns i cookies kan vi underl\u00e4tta navigeringen f\u00f6r dig och m\u00f6jligg\u00f6ra korrekt visning av v\u00e5ra webbsidor.\n\nNaturligtvis kan du ocks\u00e5 bes\u00f6ka v\u00e5r webbplats utan cookies. Webbl\u00e4sare \u00e4r ofta inst\u00e4llda p\u00e5 att acceptera cookies. I allm\u00e4nhet kan du n\u00e4r som helst avaktivera anv\u00e4ndningen av cookies via inst\u00e4llningarna\ni din webbl\u00e4sare. Anv\u00e4nd hj\u00e4lpfunktionerna i din webbl\u00e4sare f\u00f6r att ta reda p\u00e5 hur du \u00e4ndrar dessa inst\u00e4llningar. Observera att enskilda funktioner p\u00e5 v\u00e5r webbplats kanske inte \u00e4r\narbeta om du har avaktiverat anv\u00e4ndningen av cookies.\n<h3><strong>Registrering p\u00e5 v\u00e5r webbplats<\/strong><\/h3>\nN\u00e4r du registrerar dig f\u00f6r att anv\u00e4nda v\u00e5ra personanpassade tj\u00e4nster samlas vissa personuppgifter in, s\u00e5som namn, adress, kontakt- och kommunikationsuppgifter s\u00e5som telefonnummer och e-postadress. \u00c4r du med oss\nregistrerad kan du f\u00e5 tillg\u00e5ng till inneh\u00e5ll och tj\u00e4nster som vi endast erbjuder registrerade anv\u00e4ndare. Registrerade anv\u00e4ndare har ocks\u00e5 m\u00f6jlighet att n\u00e4r som helst \u00e4ndra eller radera de uppgifter som l\u00e4mnats vid registreringen.\nNaturligtvis kommer vi ocks\u00e5 att ge dig information om de personuppgifter vi har lagrat om dig n\u00e4r som helst. Vi kommer ocks\u00e5 g\u00e4rna att korrigera eller radera dessa p\u00e5 din beg\u00e4ran, f\u00f6rutsatt att det inte finns n\u00e5gra lagstadgade lagringsskyldigheter som mots\u00e4ger detta. F\u00f6r att kontakta oss i detta sammanhang, v\u00e4nligen anv\u00e4nd\ni slutet av denna integritetspolicy.\n<h3><strong>Kommentar funktion<\/strong><\/h3>\nN\u00e4r anv\u00e4ndare l\u00e4mnar kommentarer p\u00e5 v\u00e5r webbplats lagras ut\u00f6ver denna information \u00e4ven tidpunkten f\u00f6r n\u00e4r kommentarerna skapades och det anv\u00e4ndarnamn som tidigare valts av webbplatsbes\u00f6karen. Detta \u00e4r f\u00f6r v\u00e5r s\u00e4kerhet, eftersom vi kan \u00e5talas f\u00f6r olagligt inneh\u00e5ll p\u00e5 v\u00e5r webbplats, \u00e4ven om det har skapats av anv\u00e4ndare.\n<h3><strong>SSL-kryptering<\/strong><\/h3>\nF\u00f6r att skydda s\u00e4kerheten f\u00f6r dina uppgifter under \u00f6verf\u00f6ringen anv\u00e4nder vi toppmoderna krypteringsmetoder (t.ex. SSL) via HTTPS.\n<h3><strong>Nyhetsbrev<\/strong><\/h3>\nP\u00e5 grundval av ditt uttryckliga samtycke kommer vi regelbundet att skicka dig v\u00e5rt nyhetsbrev eller liknande information via e-post till den e-postadress du har angett.\n\nF\u00f6r att f\u00e5 nyhetsbrevet r\u00e4cker det med att ange din e-postadress. N\u00e4r du registrerar dig f\u00f6r att f\u00e5 v\u00e5rt nyhetsbrev kommer de uppgifter du l\u00e4mnar att anv\u00e4ndas uteslutande f\u00f6r detta \u00e4ndam\u00e5l. Prenumeranter kan ocks\u00e5 prenumerera via\nf\u00e5 information via e-post om omst\u00e4ndigheter som \u00e4r relevanta f\u00f6r tj\u00e4nsten eller registreringen (t.ex. \u00e4ndringar av nyhetsbrevserbjudandet eller tekniska omst\u00e4ndigheter).\n\nVi beh\u00f6ver en giltig e-postadress f\u00f6r att registreringen ska fungera. Vi anv\u00e4nder &#8221;double opt-in&#8221;-f\u00f6rfarandet f\u00f6r att kontrollera att en registrering faktiskt g\u00f6rs av \u00e4garen till en e-postadress. F\u00f6r detta \u00e4ndam\u00e5l loggar vi\nBest\u00e4llning av nyhetsbrevet, s\u00e4ndning av ett bekr\u00e4ftelsemeddelande och mottagande av det svar som beg\u00e4rs i samband med detta. Inga ytterligare uppgifter samlas in. Uppgifterna kommer endast att anv\u00e4ndas f\u00f6r att skicka ut nyhetsbrevet och kommer inte att vidarebefordras till tredje part.\n\nDu kan n\u00e4r som helst \u00e5terkalla ditt samtycke till lagring av dina personuppgifter och anv\u00e4ndning av dem f\u00f6r utskick av nyhetsbrev. Det finns en motsvarande l\u00e4nk i varje nyhetsbrev. Du kan ocks\u00e5 n\u00e4r som helst kontakta oss direkt p\u00e5\nav denna webbplats eller informera oss om din \u00f6nskan att g\u00f6ra det via det kontaktalternativ som anges i slutet av detta dataskyddsmeddelande.\n<h3><strong>Kontaktformul\u00e4r<\/strong><\/h3>\nOm du kontaktar oss med fr\u00e5gor av n\u00e5got slag via e-post eller kontaktformul\u00e4r, ger du oss ditt frivilliga samtycke till att vi kontaktar dig. F\u00f6r detta kr\u00e4vs en giltig e-postadress. Detta anv\u00e4nds f\u00f6r att tilldela f\u00f6rfr\u00e5gan och sedan besvara den. Det \u00e4r frivilligt att ange ytterligare uppgifter. Den information du l\u00e4mnar kommer att lagras i syfte att behandla din f\u00f6rfr\u00e5gan och f\u00f6r eventuella f\u00f6ljdfr\u00e5gor. Efter att din beg\u00e4ran har behandlats kommer dina personuppgifter att raderas automatiskt.\n<h3><strong>Anv\u00e4ndning av Google Analytics<\/strong><\/h3>\nDenna webbplats anv\u00e4nder Google Analytics, en webbanalystj\u00e4nst som tillhandah\u00e5lls av Google Inc. (nedan kallat Google). Google Analytics anv\u00e4nder &#8221;cookies&#8221;, som \u00e4r textfiler som placeras p\u00e5 din dator, f\u00f6r att hj\u00e4lpa webbplatsen att analysera hur anv\u00e4ndarna anv\u00e4nder webbplatsen.\nav dig. Informationen som genereras av cookien om din anv\u00e4ndning av denna webbplats \u00f6verf\u00f6rs vanligtvis till en Google-server i USA och lagras d\u00e4r. P\u00e5 grund av aktiveringen av IP-anonymisering\np\u00e5 dessa webbplatser, kommer din IP-adress dock att lagras av Google inom medlemsstaterna i Europeiska unionen eller i andra avtalsslutande stater i\n\nAvtalet om Europeiska ekonomiska samarbetsomr\u00e5det i f\u00f6rv\u00e4g. Endast i undantagsfall kommer den fullst\u00e4ndiga IP-adressen att \u00f6verf\u00f6ras till en Google-server i USA och f\u00f6rkortas d\u00e4r. P\u00e5 uppdrag av operat\u00f6ren av denna webbplats, Google\nanv\u00e4nda denna information i syfte att utv\u00e4rdera din anv\u00e4ndning av webbplatsen, sammanst\u00e4lla rapporter om webbplatsaktivitet och tillhandah\u00e5lla andra tj\u00e4nster som r\u00f6r webbplatsaktivitet och internetanv\u00e4ndning till webbplatsoperat\u00f6ren. Den IP-adress som \u00f6verf\u00f6rs av din webbl\u00e4sare som en del av Google Analytics kommer inte att sl\u00e5s samman med andra Google-data.\n\nSyftet med databehandlingen \u00e4r att utv\u00e4rdera anv\u00e4ndningen av webbplatsen och att sammanst\u00e4lla rapporter om aktiviteter p\u00e5 webbplatsen. Baserat p\u00e5 anv\u00e4ndningen av webbplatsen och Internet, ytterligare associerade\ntj\u00e4nster tillhandah\u00e5lls. Behandlingen grundar sig p\u00e5 webbplatsoperat\u00f6rens ber\u00e4ttigade intresse.\n\nDu kan neka till anv\u00e4ndning av cookies genom att v\u00e4lja l\u00e4mpliga inst\u00e4llningar i din webbl\u00e4sare, men observera att om du g\u00f6r detta kanske du inte kan anv\u00e4nda alla funktioner p\u00e5 denna webbplats.\nkan anv\u00e4nda. Du kan ocks\u00e5 f\u00f6rhindra att Google samlar in de uppgifter som genereras av cookien och som r\u00f6r din anv\u00e4ndning av webbplatsen (inklusive din IP-adress) och att Google bearbetar dessa uppgifter genom att aktivera\nf\u00f6r att ladda ner och installera den webbl\u00e4sarplugin som finns tillg\u00e4nglig under f\u00f6ljande l\u00e4nk:\n<a href=\"https:\/\/tools.google.com\/dlpage\/gaoptout?hl=de\">Webbl\u00e4sartill\u00e4gg f\u00f6r att avaktivera Google Analytics.<\/a>\n\nUt\u00f6ver eller som ett alternativ till webbl\u00e4sartill\u00e4gget kan du f\u00f6rhindra sp\u00e5rning av Google Analytics p\u00e5 v\u00e5ra sidor genom att <a href=\"https:\/\/www.perfect-you24.com\/datenschutz\">klicka p\u00e5 den h\u00e4r l\u00e4nken<\/a>. En opt-out-cookie kommer att installeras p\u00e5 din enhet. Detta inneb\u00e4r att inspelningen\nav Google Analytics f\u00f6r den h\u00e4r webbplatsen och f\u00f6r den h\u00e4r webbl\u00e4saren i framtiden, s\u00e5 l\u00e4nge cookien \u00e4r installerad i din webbl\u00e4sare.\n<h3><strong>Anv\u00e4ndning av skriptbibliotek (Google Webfonts)<\/strong><\/h3>\nVi anv\u00e4nder skriptbibliotek och typsnittsbibliotek som Google Web Fonts (<a href=\"https:\/\/fonts.google.com\/\">https:\/\/www.google.com\/webfonts\/)<\/a> p\u00e5 denna webbplats f\u00f6r att visa v\u00e5rt inneh\u00e5ll korrekt och grafiskt tilltalande i alla webbl\u00e4sare. Googles webbtypsnitt \u00f6verf\u00f6rs till webbl\u00e4sarens cache f\u00f6r att undvika att de laddas flera g\u00e5nger. Om webbl\u00e4saren inte st\u00f6der Google Web Fonts eller f\u00f6rhindrar \u00e5tkomst kommer inneh\u00e5llet att visas med ett standardteckensnitt.\n\nAnrop av skriptbibliotek eller teckensnittsbibliotek utl\u00f6ser automatiskt en anslutning till biblioteksoperat\u00f6ren. Det \u00e4r teoretiskt m\u00f6jligt &#8211; men f\u00f6r n\u00e4rvarande ocks\u00e5 oklart om och i s\u00e5 fall f\u00f6r vilka syften &#8211; att operat\u00f6rer\nsamla in data fr\u00e5n relevanta bibliotek. Sekretesspolicyn f\u00f6r biblioteksoperat\u00f6ren Google finns h\u00e4r:\n<a href=\"https:\/\/policies.google.com\/privacy\">https:\/\/www.google.com\/policies\/privacy\/<\/a>\n<h3><strong>Anv\u00e4ndning av Google Map<\/strong><\/h3>\nDenna webbplats anv\u00e4nder Google Maps API f\u00f6r att visa geografisk information visuellt. Vid anv\u00e4ndning av Google Maps samlar Google ocks\u00e5 in, bearbetar och anv\u00e4nder data om bes\u00f6karnas anv\u00e4ndning av kartfunktionerna.\nDu hittar mer information om Googles databehandling i <a href=\"https:\/\/policies.google.com\/privacy\">Googles sekretesspolicy<\/a>. Du kan ocks\u00e5 \u00e4ndra dina personliga dataskyddsinst\u00e4llningar d\u00e4r i dataskyddscentret\n\nDetaljerade instruktioner om hur du hanterar dina egna uppgifter i samband med Google-produkter finns <a href=\"https:\/\/support.google.com\/accounts\/answer\/3024190\">h\u00e4r<\/a>.\n<h3><strong>Google AdWords<\/strong><\/h3>\nV\u00e5r webbplats anv\u00e4nder Google Conversion Tracking. Om du har kommit till v\u00e5r webbplats via en annons fr\u00e5n Google kommer Google Adwords att placera en cookie p\u00e5 din dator. Cookien f\u00f6r konverteringssp\u00e5rning \u00e4r\nst\u00e4lls in n\u00e4r en anv\u00e4ndare klickar p\u00e5 en annons som placerats av Google. Dessa cookies f\u00f6rlorar sin giltighet efter 30 dagar och anv\u00e4nds inte f\u00f6r personlig identifiering. Om anv\u00e4ndaren bes\u00f6ker vissa sidor p\u00e5 v\u00e5r webbplats och cookien\n\u00e4nnu inte har l\u00f6pt ut, kan vi och Google se att anv\u00e4ndaren har klickat p\u00e5 annonsen och omdirigerats till den h\u00e4r sidan. Varje Google AdWords-kund f\u00e5r en annan cookie. Cookies kan d\u00e4rf\u00f6r inte lagras via\nwebbplatser f\u00f6r AdWords-kunder kan sp\u00e5ras. Den information som samlas in med hj\u00e4lp av konverteringscookien anv\u00e4nds f\u00f6r att generera konverteringsstatistik f\u00f6r AdWords-kunder som har valt konverteringssp\u00e5rning. Den\nKunderna f\u00e5r reda p\u00e5 det totala antalet anv\u00e4ndare som klickade p\u00e5 deras annons och omdirigerades till en sida med en tagg f\u00f6r konverteringssp\u00e5rning. De f\u00e5r dock inte n\u00e5gon information som g\u00f6r att anv\u00e4ndarna kan identifieras personligen\ng\u00e5.\n\nOm du inte vill delta i sp\u00e5rning kan du v\u00e4gra att st\u00e4lla in en cookie som kr\u00e4vs f\u00f6r detta &#8211; till exempel genom att st\u00e4lla in din webbl\u00e4sare f\u00f6r att generellt avaktivera automatisk inst\u00e4llning av cookies eller att st\u00e4lla in din webbl\u00e4sare s\u00e5 att cookies blockeras av\nDom\u00e4nen &#8221;googleleadservices.com&#8221; blockeras\n\nObservera att du inte f\u00e5r ta bort opt-out-cookies s\u00e5 l\u00e4nge du inte vill att m\u00e4tdata ska registreras. Om du har raderat alla dina cookies i webbl\u00e4saren m\u00e5ste du st\u00e4lla in respektive opt-out-cookie igen.\n<h3><strong>Anv\u00e4ndning av Google Remarketing<\/strong><\/h3>\nDenna webbplats anv\u00e4nder Google Inc:s remarketingfunktion. Denna funktion anv\u00e4nds f\u00f6r att presentera intressebaserade annonser f\u00f6r webbplatsbes\u00f6kare inom Googles annonsn\u00e4tverk. En s.k. &#8221;cookie&#8221; lagras i webbplatsbes\u00f6karens webbl\u00e4sare, vilket g\u00f6r det m\u00f6jligt att k\u00e4nna igen bes\u00f6karen n\u00e4r han eller hon bes\u00f6ker webbplatser som tillh\u00f6r annonsn\u00e4tverket.\ntillh\u00f6r Google. P\u00e5 dessa sidor kan bes\u00f6karen komma att presenteras f\u00f6r annonser som r\u00f6r inneh\u00e5ll som bes\u00f6karen tidigare har bes\u00f6kt p\u00e5 webbplatser som anv\u00e4nder Googles remarketingfunktion.\n\nEnligt egen uppgift samlar Google inte in n\u00e5gra personuppgifter under denna process. Om du inte vill anv\u00e4nda Googles remarketingfunktion kan du dock alltid avaktivera den genom att klicka p\u00e5 motsvarande\nG\u00f6r inst\u00e4llningar p\u00e5 <a href=\"https:\/\/www.google.com\/settings\/ads\">http:\/\/www.google.com\/settings\/ads.<\/a> Alternativt kan du avaktivera anv\u00e4ndningen av cookies f\u00f6r intressebaserad annonsering via annonsn\u00e4tverksinitiativet genom att f\u00f6lja instruktionerna p\u00e5 <a href=\"https:\/\/thenai.org\/opt-out\/\">http:\/\/www.networkadvertising.org\/managing\/opt_out.asp.<\/a>\n<h3><strong>\u00c4ndringar i v\u00e5r integritetspolicy<\/strong><\/h3>\nVi f\u00f6rbeh\u00e5ller oss r\u00e4tten att anpassa denna integritetspolicy s\u00e5 att den alltid uppfyller g\u00e4llande lagkrav eller att genomf\u00f6ra \u00e4ndringar av v\u00e5ra tj\u00e4nster i integritetspolicyn, t.ex. vid inf\u00f6rande av nya tj\u00e4nster. Den nya integritetspolicyn kommer d\u00e5 att g\u00e4lla vid ditt n\u00e4sta bes\u00f6k.\n<h3><strong>Fr\u00e5gor till dataskyddsombudet<\/strong><\/h3>\nOm du har n\u00e5gra fr\u00e5gor om dataskydd, v\u00e4nligen skicka ett e-postmeddelande till oss: <a href=\"mailto:service@leaderoo.com\">service@leaderoo.com<\/a>\t\t\t\t\t\t\t\t<\/div>\n\t\t\t\t<\/div>\n\t\t\t\t\t<\/div>\n\t\t\t\t<\/div>\n\t\t\t\t<\/div>\n\t\t","protected":false},"excerpt":{"rendered":"<p>Integritetspolicy Ansvarigt organ i den mening som avses i dataskyddslagstiftningen, s\u00e4rskilt EU:s allm\u00e4nna dataskyddsf\u00f6rordning (GDPR), \u00e4r FitSmart B.V.Stadhouderskade 51054 ES AmsterdamThe Netherlands E-post: service@leaderoo.com Dina r\u00e4ttigheter som registrerad Du kan n\u00e4r som helst ut\u00f6va f\u00f6ljande r\u00e4ttigheter genom att anv\u00e4nda de kontaktuppgifter som anges: Information om dina uppgifter som lagras av oss och hur de behandlas, [&hellip;]<\/p>\n","protected":false},"author":1,"featured_media":0,"parent":0,"menu_order":0,"comment_status":"closed","ping_status":"closed","template":"elementor_header_footer","meta":{"_acf_changed":false,"bwfblock_default_font":"","inline_featured_image":false,"footnotes":""},"class_list":["post-3664","page","type-page","status-publish","hentry"],"acf":[],"_links":{"self":[{"href":"https:\/\/lumilean.io\/sv\/wp-json\/wp\/v2\/pages\/3664","targetHints":{"allow":["GET"]}}],"collection":[{"href":"https:\/\/lumilean.io\/sv\/wp-json\/wp\/v2\/pages"}],"about":[{"href":"https:\/\/lumilean.io\/sv\/wp-json\/wp\/v2\/types\/page"}],"author":[{"embeddable":true,"href":"https:\/\/lumilean.io\/sv\/wp-json\/wp\/v2\/users\/1"}],"replies":[{"embeddable":true,"href":"https:\/\/lumilean.io\/sv\/wp-json\/wp\/v2\/comments?post=3664"}],"version-history":[{"count":11,"href":"https:\/\/lumilean.io\/sv\/wp-json\/wp\/v2\/pages\/3664\/revisions"}],"predecessor-version":[{"id":3029061,"href":"https:\/\/lumilean.io\/sv\/wp-json\/wp\/v2\/pages\/3664\/revisions\/3029061"}],"wp:attachment":[{"href":"https:\/\/lumilean.io\/sv\/wp-json\/wp\/v2\/media?parent=3664"}],"curies":[{"name":"wp","href":"https:\/\/api.w.org\/{rel}","templated":true}]}}